{"id":1048,"date":"2023-12-04T17:59:23","date_gmt":"2023-12-04T17:59:23","guid":{"rendered":"https:\/\/blackopal.ge\/responsible-gaming\/"},"modified":"2024-04-18T13:29:15","modified_gmt":"2024-04-18T13:29:15","slug":"responsible-gaming","status":"publish","type":"page","link":"https:\/\/blackopal.ge\/tr\/responsible-gaming\/","title":{"rendered":"Sorumlu Oyun Deneyimi"},"content":{"rendered":"\r\n<p>Black Opal Casino&#8217; da, t\u00fcm misafirlerimiz i\u00e7in g\u00fcvenli, sorumlu ve keyifli bir oyun ortam\u0131 sa\u011flamay\u0131 taahh\u00fct ediyoruz. Sorumlu kumar oynamak, oyuncular\u0131m\u0131z\u0131n refah\u0131n\u0131 ve g\u00fcvenli\u011fini sa\u011flayan operasyonlar\u0131m\u0131z\u0131n temel ta\u015f\u0131d\u0131r.<\/p>\r\n<h2><b>Sorumlu Oynama Kurallar\u0131<\/b><\/h2>\r\n<ol>\r\n<li>\r\n<h3><b> E\u011flence Olarak Kumar:<\/b><\/h3>\r\n<\/li>\r\n<\/ol>\r\n<p>Misafirlerimizi kumar oynamay\u0131 gelir elde etmenin bir yolu olarak de\u011fil, bir e\u011flence ve e\u011flence bi\u00e7imi olarak g\u00f6rmeye te\u015fvik ediyoruz. \u0130mkanlar\u0131n\u0131z dahilinde ve yaln\u0131zca e\u011flence ama\u00e7l\u0131 kumar oynamak \u00f6nemlidir.<\/p>\r\n<ol start=\"2\">\r\n<li>\r\n<h3><b> B\u00fct\u00e7elerin ve Limitlerin Belirlenmesi:<\/b><\/h3>\r\n<\/li>\r\n<\/ol>\r\n<p>T\u00fcm oyunculara kumar faaliyetleri i\u00e7in belirli bir b\u00fct\u00e7e belirlemelerini ve buna uymalar\u0131n\u0131 tavsiye ediyoruz. G\u00fcnl\u00fck hayat\u0131n\u0131z\u0131 etkilemeden yaln\u0131zca kaybetmeyi g\u00f6ze alabilece\u011finiz fonlarla kumar oynamak \u00e7ok \u00f6nemlidir.<\/p>\r\n<ol start=\"3\">\r\n<li>\r\n<h3><b> Zaman Y\u00f6netimi:<\/b><\/h3>\r\n<\/li>\r\n<\/ol>\r\n<p>D\u00fczenli molalar vermek \u00e7ok \u00f6nemlidir. Kumar ve di\u011fer etkinlikler aras\u0131nda sa\u011fl\u0131kl\u0131 bir denge yakalamak i\u00e7in kumar oturumlar\u0131n\u0131z i\u00e7in zaman s\u0131n\u0131rlar\u0131 belirleyin.<\/p>\r\n\r\n\r\n\r\n\r\n\r\n<h2 class=\"wp-block-heading\"><b>Sorumlu Oynamak i\u00e7in Ara\u00e7lar ve Kaynaklar<\/b><\/h2>\r\n<ol>\r\n<li><b> Kendini D\u0131\u015flama Program\u0131:<\/b><\/li>\r\n<\/ol>\r\n<p>Black Opal Casino, kumar faaliyetlerini k\u0131s\u0131tlamak isteyen konuklar i\u00e7in bir kendini d\u0131\u015flama program\u0131 sunmaktad\u0131r. Bu hizmet gizlidir ve bireysel ihtiya\u00e7lara g\u00f6re uyarlanabilir.<\/p>\r\n<ol start=\"2\">\r\n<li><b> Para Yat\u0131rma ve Kay\u0131p Limitleri:<\/b><\/li>\r\n<\/ol>\r\n<p>Oyuncular, harcamalar\u0131 \u00fczerinde kontrol sahibi olmak i\u00e7in para yat\u0131rma ve kay\u0131plar\u0131na limit koyma se\u00e7ene\u011fine sahiptir.<\/p>\r\n<ol start=\"3\">\r\n<li><b> Profesyonel Yard\u0131ma Eri\u015fim:<\/b><\/li>\r\n<\/ol>\r\n<p>Sorunlu kumar i\u00e7in destek ve dan\u0131\u015fmanl\u0131k sunan profesyonel kurulu\u015flara bilgi ve eri\u015fim sa\u011fl\u0131yoruz.<\/p>\r\n\r\n\r\n\r\n<h2 class=\"wp-block-heading\"><b>Kumar Sorununun \u0130\u015faretlerini Tan\u0131mak<\/b><\/h2>\r\n<p>Sorunlu kumar, ki\u015finin imkanlar\u0131n\u0131n \u00f6tesinde kumar oynamak, kay\u0131plar\u0131 kovalamak veya di\u011fer sorumluluklar\u0131 ihmal etmek gibi \u00e7e\u015fitli \u015fekillerde ortaya \u00e7\u0131kabilir. Misafirlerimizi bu i\u015faretlere dikkat etmeye ve gerekirse yard\u0131m almaya te\u015fvik ediyoruz.<\/p>\r\n<h3><b>Destek i\u00e7in D\u0131ger Kaynaklar<\/b><\/h3>\r\n<p>Black Opal Casino, sorumlu kumar oynamay\u0131 te\u015fvik etmeye adanm\u0131\u015f \u00e7e\u015fitli kurulu\u015flarla i\u015fbirli\u011fi yapmaktad\u0131r. Bunlar \u015funlar\u0131 i\u00e7erir:<\/p>\r\n<ul>\r\n<li aria-level=\"1\"><a href=\"https:\/\/www.ncpgambling.org\/\">Ulusal Kumar Sorunu Konseyi<\/a><\/li>\r\n<li aria-level=\"1\"><a href=\"https:\/\/www.gamblersanonymous.org\/ga\/\">Ads\u0131z Kumarbazlar<\/a><\/li>\r\n<li aria-level=\"1\"><a href=\"https:\/\/www.gamblingtherapy.org\/\">Kumar Terapisi<\/a><\/li>\r\n<\/ul>\r\n<p>Bu kaynaklar hakk\u0131nda daha fazla bilgi i\u00e7in l\u00fctfen m\u00fc\u015fteri hizmetleri ekibimizle ileti\u015fime ge\u00e7in.<\/p>\r\n\r\n\r\n","protected":false},"excerpt":{"rendered":"<p>Black Opal Casino&#8217; da, t\u00fcm misafirlerimiz i\u00e7in g\u00fcvenli, sorumlu ve keyifli bir oyun ortam\u0131 sa\u011flamay\u0131 taahh\u00fct ediyoruz. Sorumlu kumar oynamak, oyuncular\u0131m\u0131z\u0131n refah\u0131n\u0131 ve g\u00fcvenli\u011fini sa\u011flayan operasyonlar\u0131m\u0131z\u0131n temel ta\u015f\u0131d\u0131r. Sorumlu Oynama Kurallar\u0131 E\u011flence Olarak Kumar: Misafirlerimizi kumar oynamay\u0131 gelir elde etmenin bir yolu olarak de\u011fil, bir e\u011flence ve e\u011flence bi\u00e7imi olarak g\u00f6rmeye te\u015fvik ediyoruz. \u0130mkanlar\u0131n\u0131z dahilinde [&hellip;]<\/p>\n","protected":false},"author":1,"featured_media":0,"parent":0,"menu_order":0,"comment_status":"closed","ping_status":"closed","template":"","meta":{"_acf_changed":false,"footnotes":""},"class_list":["post-1048","page","type-page","status-publish","hentry"],"acf":[],"yoast_head":"<!-- This site is optimized with the Yoast SEO plugin v26.3 - https:\/\/yoast.com\/wordpress\/plugins\/seo\/ -->\n<title>Black Opal Casino - Responsible Gaming<\/title>\n<meta name=\"description\" content=\"Black Opal Casino is committed to safe and responsible gaming. Learn about our self-exclusion program, budget limits, and support resources\" \/>\n<meta name=\"robots\" content=\"index, follow, max-snippet:-1, max-image-preview:large, max-video-preview:-1\" \/>\n<link rel=\"canonical\" href=\"https:\/\/blackopal.ge\/tr\/responsible-gaming\/\" \/>\n<meta property=\"og:locale\" content=\"tr_TR\" \/>\n<meta property=\"og:type\" content=\"article\" \/>\n<meta property=\"og:title\" content=\"Black Opal Casino - Responsible Gaming\" \/>\n<meta property=\"og:description\" content=\"Black Opal Casino is committed to safe and responsible gaming. Learn about our self-exclusion program, budget limits, and support resources\" \/>\n<meta property=\"og:url\" content=\"https:\/\/blackopal.ge\/tr\/responsible-gaming\/\" \/>\n<meta property=\"og:site_name\" content=\"Black Opal\" \/>\n<meta property=\"article:publisher\" content=\"https:\/\/www.facebook.com\/CasinoBlackOpal\/\" \/>\n<meta property=\"article:modified_time\" content=\"2024-04-18T13:29:15+00:00\" \/>\n<meta name=\"twitter:card\" content=\"summary_large_image\" \/>\n<meta name=\"twitter:label1\" content=\"Est. reading time\" \/>\n\t<meta name=\"twitter:data1\" content=\"2 minutes\" \/>\n<script type=\"application\/ld+json\" class=\"yoast-schema-graph\">{\"@context\":\"https:\/\/schema.org\",\"@graph\":[{\"@type\":\"WebPage\",\"@id\":\"https:\/\/blackopal.ge\/tr\/responsible-gaming\/\",\"url\":\"https:\/\/blackopal.ge\/tr\/responsible-gaming\/\",\"name\":\"Black Opal Casino - Responsible Gaming\",\"isPartOf\":{\"@id\":\"https:\/\/blackopal.ge\/tr\/#website\"},\"datePublished\":\"2023-12-04T17:59:23+00:00\",\"dateModified\":\"2024-04-18T13:29:15+00:00\",\"description\":\"Black Opal Casino is committed to safe and responsible gaming. Learn about our self-exclusion program, budget limits, and support resources\",\"breadcrumb\":{\"@id\":\"https:\/\/blackopal.ge\/tr\/responsible-gaming\/#breadcrumb\"},\"inLanguage\":\"tr-TR\",\"potentialAction\":[{\"@type\":\"ReadAction\",\"target\":[\"https:\/\/blackopal.ge\/tr\/responsible-gaming\/\"]}]},{\"@type\":\"BreadcrumbList\",\"@id\":\"https:\/\/blackopal.ge\/tr\/responsible-gaming\/#breadcrumb\",\"itemListElement\":[{\"@type\":\"ListItem\",\"position\":1,\"name\":\"Home\",\"item\":\"https:\/\/blackopal.ge\/tr\/\"},{\"@type\":\"ListItem\",\"position\":2,\"name\":\"Sorumlu Oyun Deneyimi\"}]},{\"@type\":\"WebSite\",\"@id\":\"https:\/\/blackopal.ge\/tr\/#website\",\"url\":\"https:\/\/blackopal.ge\/tr\/\",\"name\":\"Black Opal Casino\",\"description\":\"New Luxury Casino in Tbilisi\",\"potentialAction\":[{\"@type\":\"SearchAction\",\"target\":{\"@type\":\"EntryPoint\",\"urlTemplate\":\"https:\/\/blackopal.ge\/tr\/?s={search_term_string}\"},\"query-input\":{\"@type\":\"PropertyValueSpecification\",\"valueRequired\":true,\"valueName\":\"search_term_string\"}}],\"inLanguage\":\"tr-TR\"}]}<\/script>\n<!-- \/ Yoast SEO plugin. -->","yoast_head_json":{"title":"Black Opal Casino - Responsible Gaming","description":"Black Opal Casino is committed to safe and responsible gaming. Learn about our self-exclusion program, budget limits, and support resources","robots":{"index":"index","follow":"follow","max-snippet":"max-snippet:-1","max-image-preview":"max-image-preview:large","max-video-preview":"max-video-preview:-1"},"canonical":"https:\/\/blackopal.ge\/tr\/responsible-gaming\/","og_locale":"tr_TR","og_type":"article","og_title":"Black Opal Casino - Responsible Gaming","og_description":"Black Opal Casino is committed to safe and responsible gaming. Learn about our self-exclusion program, budget limits, and support resources","og_url":"https:\/\/blackopal.ge\/tr\/responsible-gaming\/","og_site_name":"Black Opal","article_publisher":"https:\/\/www.facebook.com\/CasinoBlackOpal\/","article_modified_time":"2024-04-18T13:29:15+00:00","twitter_card":"summary_large_image","twitter_misc":{"Est. reading time":"2 minutes"},"schema":{"@context":"https:\/\/schema.org","@graph":[{"@type":"WebPage","@id":"https:\/\/blackopal.ge\/tr\/responsible-gaming\/","url":"https:\/\/blackopal.ge\/tr\/responsible-gaming\/","name":"Black Opal Casino - Responsible Gaming","isPartOf":{"@id":"https:\/\/blackopal.ge\/tr\/#website"},"datePublished":"2023-12-04T17:59:23+00:00","dateModified":"2024-04-18T13:29:15+00:00","description":"Black Opal Casino is committed to safe and responsible gaming. Learn about our self-exclusion program, budget limits, and support resources","breadcrumb":{"@id":"https:\/\/blackopal.ge\/tr\/responsible-gaming\/#breadcrumb"},"inLanguage":"tr-TR","potentialAction":[{"@type":"ReadAction","target":["https:\/\/blackopal.ge\/tr\/responsible-gaming\/"]}]},{"@type":"BreadcrumbList","@id":"https:\/\/blackopal.ge\/tr\/responsible-gaming\/#breadcrumb","itemListElement":[{"@type":"ListItem","position":1,"name":"Home","item":"https:\/\/blackopal.ge\/tr\/"},{"@type":"ListItem","position":2,"name":"Sorumlu Oyun Deneyimi"}]},{"@type":"WebSite","@id":"https:\/\/blackopal.ge\/tr\/#website","url":"https:\/\/blackopal.ge\/tr\/","name":"Black Opal Casino","description":"New Luxury Casino in Tbilisi","potentialAction":[{"@type":"SearchAction","target":{"@type":"EntryPoint","urlTemplate":"https:\/\/blackopal.ge\/tr\/?s={search_term_string}"},"query-input":{"@type":"PropertyValueSpecification","valueRequired":true,"valueName":"search_term_string"}}],"inLanguage":"tr-TR"}]}},"amp_enabled":true,"_links":{"self":[{"href":"https:\/\/blackopal.ge\/tr\/wp-json\/wp\/v2\/pages\/1048","targetHints":{"allow":["GET"]}}],"collection":[{"href":"https:\/\/blackopal.ge\/tr\/wp-json\/wp\/v2\/pages"}],"about":[{"href":"https:\/\/blackopal.ge\/tr\/wp-json\/wp\/v2\/types\/page"}],"author":[{"embeddable":true,"href":"https:\/\/blackopal.ge\/tr\/wp-json\/wp\/v2\/users\/1"}],"replies":[{"embeddable":true,"href":"https:\/\/blackopal.ge\/tr\/wp-json\/wp\/v2\/comments?post=1048"}],"version-history":[{"count":2,"href":"https:\/\/blackopal.ge\/tr\/wp-json\/wp\/v2\/pages\/1048\/revisions"}],"predecessor-version":[{"id":1102,"href":"https:\/\/blackopal.ge\/tr\/wp-json\/wp\/v2\/pages\/1048\/revisions\/1102"}],"wp:attachment":[{"href":"https:\/\/blackopal.ge\/tr\/wp-json\/wp\/v2\/media?parent=1048"}],"curies":[{"name":"wp","href":"https:\/\/api.w.org\/{rel}","templated":true}]}}