{"id":1054,"date":"2023-12-04T17:06:05","date_gmt":"2023-12-04T17:06:05","guid":{"rendered":"https:\/\/blackopal.ge\/faq\/"},"modified":"2024-04-18T13:31:17","modified_gmt":"2024-04-18T13:31:17","slug":"faq","status":"publish","type":"page","link":"https:\/\/blackopal.ge\/tr\/faq\/","title":{"rendered":"Black Opal Casino SSS"},"content":{"rendered":"\r\n<p>Black Opal Casino&#8217;nun SSS sayfas\u0131na ho\u015f geldiniz! Burada kumarhanemiz, oyunlar\u0131m\u0131z, yemek deneyimlerimiz, VIP hizmetlerimiz ve daha fazlas\u0131 hakk\u0131nda s\u0131k\u00e7a sorulan sorular\u0131n yan\u0131tlar\u0131n\u0131 bulacaks\u0131n\u0131z. Burada ele al\u0131nmayan bir sorunuz varsa l\u00fctfen bizimle ileti\u015fime ge\u00e7mekten \u00e7ekinmeyin.<\/p>\r\n<h2><b>Genel bilgi<\/b><\/h2>\r\n<h3><b>Black Opal Casino nedir?<\/b><\/h3>\r\n<p>Black Opal Casino, G\u00fcrcistan&#8217;\u0131n Tiflis kentinde bulunan, nadir ve g\u00fczel Siyah Opal ta\u015f\u0131ndan ilham alan benzersiz bir oyun ve e\u011flence deneyimi sunan, \u00f6nde gelen l\u00fcks bir kumarhanedir.<\/p>\r\n<h3><b>Black Opal Casino hangi benzersiz deneyimleri sunuyor?<\/b><\/h3>\r\n<p>Hepsi beklentilerinizi a\u015facak \u015fekilde tasarlanm\u0131\u015f \u00e7e\u015fitli klasik ve modern oyunlar, l\u00fcks bir restoran ve bar, \u00f6zel VIP odalar ve \u00e7e\u015fitli stat\u00fc kart\u0131 avantajlar\u0131 dahil olmak \u00fczere \u00e7ok \u00e7e\u015fitli e\u011flence se\u00e7enekleri sunuyoruz.<\/p>\r\n<h2><b>Black Opal Casino Oyunlar\u0131<\/b><\/h2>\r\n<h3><b>Black Opal Casino&#8217;da ne t\u00fcr oyunlar mevcut?<\/b><\/h3>\r\n<p>Black Opal Casino, farkl\u0131 poker t\u00fcrleri, blackjack, rulet, slot makineleri ve casino jackpotlar\u0131 dahil olmak \u00fczere geni\u015f bir oyun yelpazesi sunar. Oyun deneyiminizi geli\u015ftirmek i\u00e7in modern oyun t\u00fcrlerini de sunuyoruz.<\/p>\r\n<h3><b>Yeni ba\u015flayanlar i\u00e7in herhangi bir rehber var m\u0131?<\/b><\/h3>\r\n<p>Evet, casino personelimiz yeni ba\u015flayanlara rehberlik etmek i\u00e7in her zaman haz\u0131rd\u0131r. Ayr\u0131ca kural kitaplar\u0131 ve yeni ba\u015flayanlara uygun oyun oturumlar\u0131 da sa\u011fl\u0131yoruz.<\/p>\r\n<h2><b>Restoran &amp; Bar<\/b><\/h2>\r\n<h3><b>Black Opal Casino restoran\u0131nda hangi mutfaklar mevcut?<\/b><\/h3>\r\n<p>Restoran\u0131m\u0131z, benzersiz bir dokunu\u015fa sahip G\u00fcrc\u00fc yemekleri ve \u0130talya, Fransa, Japonya, Tayland ve daha fazlas\u0131ndan se\u00e7enekler dahil olmak \u00fczere ulusal ve uluslararas\u0131 mutfa\u011f\u0131n bir kar\u0131\u015f\u0131m\u0131n\u0131 sunmaktad\u0131r.<\/p>\r\n<h3><b>\u00d6zel diyet men\u00fcleri mevcut mu?<\/b><\/h3>\r\n<p>Evet, helal ve ko\u015fer men\u00fclerin yan\u0131 s\u0131ra \u00f6zel diyetlere uygun yemeklerimiz de sunuyoruz.<\/p>\r\n<h2><b>VIP ve Uyelik Statusu<\/b><\/h2>\r\n<h3><b>Black Opal Casino&#8217; daki VIP odalar\u0131na nas\u0131l eri\u015filebilir?<\/b><\/h3>\r\n<p>VIP odalar\u0131m\u0131za eri\u015fim Ruby, Diamond veya Black Opal durum kartlar\u0131m\u0131za sahip olanlara a\u00e7\u0131kt\u0131r. Bu odalar \u00f6zel oyun deneyimleri ve hizmetleri sunmaktad\u0131r.<\/p>\r\n<h3><strong>Ruby, Diamond ve Black Opal \u00fcyelik kartlar\u0131n\u0131n faydalar\u0131 nelerdir?<\/strong><\/h3>\r\n<p>Her kart, ki\u015fiselle\u015ftirilmi\u015f hizmetler, \u00f6zel alanlara eri\u015fim, \u00f6zel etkinlik davetiyeleri, \u00e7e\u015fitli \u00f6d\u00fcller ve f\u0131rsatlar gibi benzersiz avantajlar sunar.<\/p>\r\n<h2><b>\u0130leti\u015fim bilgileri<\/b><\/h2>\r\n<h3><b>Rezervasyon veya sorular\u0131n\u0131z i\u00e7in Black Opal Casino ile nas\u0131l ileti\u015fime ge\u00e7ebilirsiniz?<\/b><\/h3>\r\n<p>Misafirlerimiz bizimle telefon, e-posta veya web sitemiz arac\u0131l\u0131\u011f\u0131yla ileti\u015fime ge\u00e7ebilirler. T\u00fcm ileti\u015fim bilgilerini &#8216;Bize Ula\u015f\u0131n&#8217; sayfam\u0131zda bulabilirsiniz.<\/p>\r\n<p>Daha fazla bilgi veya \u00f6zel sorular\u0131n\u0131z i\u00e7in l\u00fctfen do\u011frudan bizimle ileti\u015fime ge\u00e7mekten \u00e7ekinmeyin. Black Opal Casino&#8217; daki deneyiminizin ola\u011fan\u00fcst\u00fc olmas\u0131n\u0131 sa\u011flamak i\u00e7in buraday\u0131z.<\/p>\r\n\r\n\r\n","protected":false},"excerpt":{"rendered":"<p>Black Opal Casino&#8217;nun SSS sayfas\u0131na ho\u015f geldiniz! Burada kumarhanemiz, oyunlar\u0131m\u0131z, yemek deneyimlerimiz, VIP hizmetlerimiz ve daha fazlas\u0131 hakk\u0131nda s\u0131k\u00e7a sorulan sorular\u0131n yan\u0131tlar\u0131n\u0131 bulacaks\u0131n\u0131z. Burada ele al\u0131nmayan bir sorunuz varsa l\u00fctfen bizimle ileti\u015fime ge\u00e7mekten \u00e7ekinmeyin. Genel bilgi Black Opal Casino nedir? Black Opal Casino, G\u00fcrcistan&#8217;\u0131n Tiflis kentinde bulunan, nadir ve g\u00fczel Siyah Opal ta\u015f\u0131ndan ilham alan [&hellip;]<\/p>\n","protected":false},"author":1,"featured_media":0,"parent":0,"menu_order":0,"comment_status":"closed","ping_status":"closed","template":"template-faq.php","meta":{"_acf_changed":false,"footnotes":""},"class_list":["post-1054","page","type-page","status-publish","hentry"],"acf":[],"yoast_head":"<!-- This site is optimized with the Yoast SEO plugin v26.3 - https:\/\/yoast.com\/wordpress\/plugins\/seo\/ -->\n<title>Black Opal Casino FAQ: Games, Dining, VIP Access &amp; More<\/title>\n<meta name=\"description\" content=\"Find answers to your queries about Black Opal Casino&#039;s games, dining, VIP services, and more on our comprehensive FAQ page\" \/>\n<meta name=\"robots\" content=\"index, follow, max-snippet:-1, max-image-preview:large, max-video-preview:-1\" \/>\n<link rel=\"canonical\" href=\"https:\/\/blackopal.ge\/tr\/faq\/\" \/>\n<meta property=\"og:locale\" content=\"tr_TR\" \/>\n<meta property=\"og:type\" content=\"article\" \/>\n<meta property=\"og:title\" content=\"Black Opal Casino FAQ: Games, Dining, VIP Access &amp; More\" \/>\n<meta property=\"og:description\" content=\"Find answers to your queries about Black Opal Casino&#039;s games, dining, VIP services, and more on our comprehensive FAQ page\" \/>\n<meta property=\"og:url\" content=\"https:\/\/blackopal.ge\/tr\/faq\/\" \/>\n<meta property=\"og:site_name\" content=\"Black Opal\" \/>\n<meta property=\"article:publisher\" content=\"https:\/\/www.facebook.com\/CasinoBlackOpal\/\" \/>\n<meta property=\"article:modified_time\" content=\"2024-04-18T13:31:17+00:00\" \/>\n<meta name=\"twitter:card\" content=\"summary_large_image\" \/>\n<meta name=\"twitter:label1\" content=\"Est. reading time\" \/>\n\t<meta name=\"twitter:data1\" content=\"2 minutes\" \/>\n<script type=\"application\/ld+json\" class=\"yoast-schema-graph\">{\"@context\":\"https:\/\/schema.org\",\"@graph\":[{\"@type\":\"WebPage\",\"@id\":\"https:\/\/blackopal.ge\/tr\/faq\/\",\"url\":\"https:\/\/blackopal.ge\/tr\/faq\/\",\"name\":\"Black Opal Casino FAQ: Games, Dining, VIP Access & More\",\"isPartOf\":{\"@id\":\"https:\/\/blackopal.ge\/tr\/#website\"},\"datePublished\":\"2023-12-04T17:06:05+00:00\",\"dateModified\":\"2024-04-18T13:31:17+00:00\",\"description\":\"Find answers to your queries about Black Opal Casino's games, dining, VIP services, and more on our comprehensive FAQ page\",\"breadcrumb\":{\"@id\":\"https:\/\/blackopal.ge\/tr\/faq\/#breadcrumb\"},\"inLanguage\":\"tr-TR\",\"potentialAction\":[{\"@type\":\"ReadAction\",\"target\":[\"https:\/\/blackopal.ge\/tr\/faq\/\"]}]},{\"@type\":\"BreadcrumbList\",\"@id\":\"https:\/\/blackopal.ge\/tr\/faq\/#breadcrumb\",\"itemListElement\":[{\"@type\":\"ListItem\",\"position\":1,\"name\":\"Home\",\"item\":\"https:\/\/blackopal.ge\/tr\/\"},{\"@type\":\"ListItem\",\"position\":2,\"name\":\"Black Opal Casino SSS\"}]},{\"@type\":\"WebSite\",\"@id\":\"https:\/\/blackopal.ge\/tr\/#website\",\"url\":\"https:\/\/blackopal.ge\/tr\/\",\"name\":\"Black Opal Casino\",\"description\":\"New Luxury Casino in Tbilisi\",\"potentialAction\":[{\"@type\":\"SearchAction\",\"target\":{\"@type\":\"EntryPoint\",\"urlTemplate\":\"https:\/\/blackopal.ge\/tr\/?s={search_term_string}\"},\"query-input\":{\"@type\":\"PropertyValueSpecification\",\"valueRequired\":true,\"valueName\":\"search_term_string\"}}],\"inLanguage\":\"tr-TR\"}]}<\/script>\n<!-- \/ Yoast SEO plugin. -->","yoast_head_json":{"title":"Black Opal Casino FAQ: Games, Dining, VIP Access & More","description":"Find answers to your queries about Black Opal Casino's games, dining, VIP services, and more on our comprehensive FAQ page","robots":{"index":"index","follow":"follow","max-snippet":"max-snippet:-1","max-image-preview":"max-image-preview:large","max-video-preview":"max-video-preview:-1"},"canonical":"https:\/\/blackopal.ge\/tr\/faq\/","og_locale":"tr_TR","og_type":"article","og_title":"Black Opal Casino FAQ: Games, Dining, VIP Access & More","og_description":"Find answers to your queries about Black Opal Casino's games, dining, VIP services, and more on our comprehensive FAQ page","og_url":"https:\/\/blackopal.ge\/tr\/faq\/","og_site_name":"Black Opal","article_publisher":"https:\/\/www.facebook.com\/CasinoBlackOpal\/","article_modified_time":"2024-04-18T13:31:17+00:00","twitter_card":"summary_large_image","twitter_misc":{"Est. reading time":"2 minutes"},"schema":{"@context":"https:\/\/schema.org","@graph":[{"@type":"WebPage","@id":"https:\/\/blackopal.ge\/tr\/faq\/","url":"https:\/\/blackopal.ge\/tr\/faq\/","name":"Black Opal Casino FAQ: Games, Dining, VIP Access & More","isPartOf":{"@id":"https:\/\/blackopal.ge\/tr\/#website"},"datePublished":"2023-12-04T17:06:05+00:00","dateModified":"2024-04-18T13:31:17+00:00","description":"Find answers to your queries about Black Opal Casino's games, dining, VIP services, and more on our comprehensive FAQ page","breadcrumb":{"@id":"https:\/\/blackopal.ge\/tr\/faq\/#breadcrumb"},"inLanguage":"tr-TR","potentialAction":[{"@type":"ReadAction","target":["https:\/\/blackopal.ge\/tr\/faq\/"]}]},{"@type":"BreadcrumbList","@id":"https:\/\/blackopal.ge\/tr\/faq\/#breadcrumb","itemListElement":[{"@type":"ListItem","position":1,"name":"Home","item":"https:\/\/blackopal.ge\/tr\/"},{"@type":"ListItem","position":2,"name":"Black Opal Casino SSS"}]},{"@type":"WebSite","@id":"https:\/\/blackopal.ge\/tr\/#website","url":"https:\/\/blackopal.ge\/tr\/","name":"Black Opal Casino","description":"New Luxury Casino in Tbilisi","potentialAction":[{"@type":"SearchAction","target":{"@type":"EntryPoint","urlTemplate":"https:\/\/blackopal.ge\/tr\/?s={search_term_string}"},"query-input":{"@type":"PropertyValueSpecification","valueRequired":true,"valueName":"search_term_string"}}],"inLanguage":"tr-TR"}]}},"amp_enabled":false,"_links":{"self":[{"href":"https:\/\/blackopal.ge\/tr\/wp-json\/wp\/v2\/pages\/1054","targetHints":{"allow":["GET"]}}],"collection":[{"href":"https:\/\/blackopal.ge\/tr\/wp-json\/wp\/v2\/pages"}],"about":[{"href":"https:\/\/blackopal.ge\/tr\/wp-json\/wp\/v2\/types\/page"}],"author":[{"embeddable":true,"href":"https:\/\/blackopal.ge\/tr\/wp-json\/wp\/v2\/users\/1"}],"replies":[{"embeddable":true,"href":"https:\/\/blackopal.ge\/tr\/wp-json\/wp\/v2\/comments?post=1054"}],"version-history":[{"count":2,"href":"https:\/\/blackopal.ge\/tr\/wp-json\/wp\/v2\/pages\/1054\/revisions"}],"predecessor-version":[{"id":1104,"href":"https:\/\/blackopal.ge\/tr\/wp-json\/wp\/v2\/pages\/1054\/revisions\/1104"}],"wp:attachment":[{"href":"https:\/\/blackopal.ge\/tr\/wp-json\/wp\/v2\/media?parent=1054"}],"curies":[{"name":"wp","href":"https:\/\/api.w.org\/{rel}","templated":true}]}}