{"id":1062,"date":"2023-12-04T16:34:23","date_gmt":"2023-12-04T16:34:23","guid":{"rendered":"https:\/\/blackopal.ge\/vip-room\/"},"modified":"2024-04-18T13:31:56","modified_gmt":"2024-04-18T13:31:56","slug":"vip-room","status":"publish","type":"page","link":"https:\/\/blackopal.ge\/tr\/vip-room\/","title":{"rendered":"VIP Salonu"},"content":{"rendered":"<p>Tiflis kumarhane sahnesinde geli\u015fmi\u015flik standard\u0131n\u0131 belirleyen Black Opal Casino&#8217; daki VIP odalar\u0131m\u0131z\u0131n ayr\u0131cal\u0131kl\u0131 d\u00fcnyas\u0131na ad\u0131m at\u0131n. \u0130kinci katta yer alan her VIP odas\u0131, yaln\u0131zca Amerikan ruleti de\u011fil, ayn\u0131 zamanda oyun deneyiminizi benzersiz boyutlara ta\u015f\u0131mak i\u00e7in tasarlanm\u0131\u015f \u00f6zel bir kart masas\u0131 i\u00e7eren, titizlikle haz\u0131rlanm\u0131\u015f bir zarafet \u015faheseridir. Kumarhane e\u011flencesinde l\u00fcks\u00fcn somut \u00f6rne\u011fini arayan se\u00e7ici konuklar i\u00e7in \u00f6zenle se\u00e7ilmi\u015f bu \u00f6zel alanlar\u0131n zenginli\u011fine ve mahremiyetine kendinizi kapt\u0131r\u0131n.<\/p>\n<p>VIP odalar\u0131m\u0131z beklentilerin \u00f6tesine ge\u00e7erek kumarhane kat\u0131n\u0131n canl\u0131 enerjisinin ortas\u0131nda huzur dolu s\u0131\u011f\u0131naklar sa\u011flar. Bu sakin ortam, yaln\u0131zca tam bir g\u00f6n\u00fcl rahatl\u0131\u011f\u0131 sa\u011flamakla kalmaz, ayn\u0131 zamanda benzersiz ve benzersiz bir hizmet d\u00fczeyi de sa\u011flar. Kendini i\u015fine adam\u0131\u015f ekibimiz, rahatlama ve yenilenme i\u00e7in tasarlanm\u0131\u015f sakin bir s\u0131\u011f\u0131nak yaratarak her ihtiyac\u0131n\u0131za uygun bir deneyim sunmaya kendini adam\u0131\u015ft\u0131r.<\/p>\n<p>VIP odalar\u0131m\u0131zda konfor ve l\u00fcks \u00f6n planda tutularak her detay titizlikle d\u00fc\u015f\u00fcn\u00fclm\u00fc\u015ft\u00fcr. De\u011ferli konu\u011fumuz olarak siz ve arkada\u015flar\u0131n\u0131z, \u015f\u0131k bir \u015fekilde dinlenmek i\u00e7in tasarlanm\u0131\u015f \u00e7e\u015fitli olanaklara \u00f6zel eri\u015fime sahip olacaks\u0131n\u0131z. Ki\u015fiselle\u015ftirilmi\u015f hizmetten enfes tekliflere kadar, her biri ziyaretinizi iyile\u015ftirmeyi ve Black Opal&#8217;de ge\u00e7irdi\u011finiz her an\u0131n l\u00fcks\u00fcn kuca\u011f\u0131nda unutulmaz bir keyif olmas\u0131n\u0131 sa\u011flamay\u0131 ama\u00e7layan \u00f6zenle se\u00e7ilmi\u015f deneyimlerimizden tam olarak yararlan\u0131n.<\/p>\n","protected":false},"excerpt":{"rendered":"<p>Tiflis kumarhane sahnesinde geli\u015fmi\u015flik standard\u0131n\u0131 belirleyen Black Opal Casino&#8217; daki VIP odalar\u0131m\u0131z\u0131n ayr\u0131cal\u0131kl\u0131 d\u00fcnyas\u0131na ad\u0131m at\u0131n. \u0130kinci katta yer alan her VIP odas\u0131, yaln\u0131zca Amerikan ruleti de\u011fil, ayn\u0131 zamanda oyun deneyiminizi benzersiz boyutlara ta\u015f\u0131mak i\u00e7in tasarlanm\u0131\u015f \u00f6zel bir kart masas\u0131 i\u00e7eren, titizlikle haz\u0131rlanm\u0131\u015f bir zarafet \u015faheseridir. Kumarhane e\u011flencesinde l\u00fcks\u00fcn somut \u00f6rne\u011fini arayan se\u00e7ici konuklar i\u00e7in [&hellip;]<\/p>\n","protected":false},"author":1,"featured_media":0,"parent":0,"menu_order":0,"comment_status":"closed","ping_status":"closed","template":"template-vip.php","meta":{"_acf_changed":false,"footnotes":""},"class_list":["post-1062","page","type-page","status-publish","hentry"],"acf":[],"yoast_head":"<!-- This site is optimized with the Yoast SEO plugin v26.3 - https:\/\/yoast.com\/wordpress\/plugins\/seo\/ -->\n<title>VIP Salonu - Black Opal<\/title>\n<meta name=\"robots\" content=\"index, follow, max-snippet:-1, max-image-preview:large, max-video-preview:-1\" \/>\n<link rel=\"canonical\" href=\"https:\/\/blackopal.ge\/tr\/vip-room\/\" \/>\n<meta property=\"og:locale\" content=\"tr_TR\" \/>\n<meta property=\"og:type\" content=\"article\" \/>\n<meta property=\"og:title\" content=\"VIP Salonu - Black Opal\" \/>\n<meta property=\"og:description\" content=\"Tiflis kumarhane sahnesinde geli\u015fmi\u015flik standard\u0131n\u0131 belirleyen Black Opal Casino&#8217; daki VIP odalar\u0131m\u0131z\u0131n ayr\u0131cal\u0131kl\u0131 d\u00fcnyas\u0131na ad\u0131m at\u0131n. \u0130kinci katta yer alan her VIP odas\u0131, yaln\u0131zca Amerikan ruleti de\u011fil, ayn\u0131 zamanda oyun deneyiminizi benzersiz boyutlara ta\u015f\u0131mak i\u00e7in tasarlanm\u0131\u015f \u00f6zel bir kart masas\u0131 i\u00e7eren, titizlikle haz\u0131rlanm\u0131\u015f bir zarafet \u015faheseridir. Kumarhane e\u011flencesinde l\u00fcks\u00fcn somut \u00f6rne\u011fini arayan se\u00e7ici konuklar i\u00e7in [&hellip;]\" \/>\n<meta property=\"og:url\" content=\"https:\/\/blackopal.ge\/tr\/vip-room\/\" \/>\n<meta property=\"og:site_name\" content=\"Black Opal\" \/>\n<meta property=\"article:publisher\" content=\"https:\/\/www.facebook.com\/CasinoBlackOpal\/\" \/>\n<meta property=\"article:modified_time\" content=\"2024-04-18T13:31:56+00:00\" \/>\n<meta name=\"twitter:card\" content=\"summary_large_image\" \/>\n<meta name=\"twitter:label1\" content=\"Est. reading time\" \/>\n\t<meta name=\"twitter:data1\" content=\"1 minute\" \/>\n<script type=\"application\/ld+json\" class=\"yoast-schema-graph\">{\"@context\":\"https:\/\/schema.org\",\"@graph\":[{\"@type\":\"WebPage\",\"@id\":\"https:\/\/blackopal.ge\/tr\/vip-room\/\",\"url\":\"https:\/\/blackopal.ge\/tr\/vip-room\/\",\"name\":\"VIP Salonu - Black Opal\",\"isPartOf\":{\"@id\":\"https:\/\/blackopal.ge\/tr\/#website\"},\"datePublished\":\"2023-12-04T16:34:23+00:00\",\"dateModified\":\"2024-04-18T13:31:56+00:00\",\"breadcrumb\":{\"@id\":\"https:\/\/blackopal.ge\/tr\/vip-room\/#breadcrumb\"},\"inLanguage\":\"tr-TR\",\"potentialAction\":[{\"@type\":\"ReadAction\",\"target\":[\"https:\/\/blackopal.ge\/tr\/vip-room\/\"]}]},{\"@type\":\"BreadcrumbList\",\"@id\":\"https:\/\/blackopal.ge\/tr\/vip-room\/#breadcrumb\",\"itemListElement\":[{\"@type\":\"ListItem\",\"position\":1,\"name\":\"Home\",\"item\":\"https:\/\/blackopal.ge\/tr\/\"},{\"@type\":\"ListItem\",\"position\":2,\"name\":\"VIP Salonu\"}]},{\"@type\":\"WebSite\",\"@id\":\"https:\/\/blackopal.ge\/tr\/#website\",\"url\":\"https:\/\/blackopal.ge\/tr\/\",\"name\":\"Black Opal Casino\",\"description\":\"New Luxury Casino in Tbilisi\",\"potentialAction\":[{\"@type\":\"SearchAction\",\"target\":{\"@type\":\"EntryPoint\",\"urlTemplate\":\"https:\/\/blackopal.ge\/tr\/?s={search_term_string}\"},\"query-input\":{\"@type\":\"PropertyValueSpecification\",\"valueRequired\":true,\"valueName\":\"search_term_string\"}}],\"inLanguage\":\"tr-TR\"}]}<\/script>\n<!-- \/ Yoast SEO plugin. -->","yoast_head_json":{"title":"VIP Salonu - Black Opal","robots":{"index":"index","follow":"follow","max-snippet":"max-snippet:-1","max-image-preview":"max-image-preview:large","max-video-preview":"max-video-preview:-1"},"canonical":"https:\/\/blackopal.ge\/tr\/vip-room\/","og_locale":"tr_TR","og_type":"article","og_title":"VIP Salonu - Black Opal","og_description":"Tiflis kumarhane sahnesinde geli\u015fmi\u015flik standard\u0131n\u0131 belirleyen Black Opal Casino&#8217; daki VIP odalar\u0131m\u0131z\u0131n ayr\u0131cal\u0131kl\u0131 d\u00fcnyas\u0131na ad\u0131m at\u0131n. \u0130kinci katta yer alan her VIP odas\u0131, yaln\u0131zca Amerikan ruleti de\u011fil, ayn\u0131 zamanda oyun deneyiminizi benzersiz boyutlara ta\u015f\u0131mak i\u00e7in tasarlanm\u0131\u015f \u00f6zel bir kart masas\u0131 i\u00e7eren, titizlikle haz\u0131rlanm\u0131\u015f bir zarafet \u015faheseridir. Kumarhane e\u011flencesinde l\u00fcks\u00fcn somut \u00f6rne\u011fini arayan se\u00e7ici konuklar i\u00e7in [&hellip;]","og_url":"https:\/\/blackopal.ge\/tr\/vip-room\/","og_site_name":"Black Opal","article_publisher":"https:\/\/www.facebook.com\/CasinoBlackOpal\/","article_modified_time":"2024-04-18T13:31:56+00:00","twitter_card":"summary_large_image","twitter_misc":{"Est. reading time":"1 minute"},"schema":{"@context":"https:\/\/schema.org","@graph":[{"@type":"WebPage","@id":"https:\/\/blackopal.ge\/tr\/vip-room\/","url":"https:\/\/blackopal.ge\/tr\/vip-room\/","name":"VIP Salonu - Black Opal","isPartOf":{"@id":"https:\/\/blackopal.ge\/tr\/#website"},"datePublished":"2023-12-04T16:34:23+00:00","dateModified":"2024-04-18T13:31:56+00:00","breadcrumb":{"@id":"https:\/\/blackopal.ge\/tr\/vip-room\/#breadcrumb"},"inLanguage":"tr-TR","potentialAction":[{"@type":"ReadAction","target":["https:\/\/blackopal.ge\/tr\/vip-room\/"]}]},{"@type":"BreadcrumbList","@id":"https:\/\/blackopal.ge\/tr\/vip-room\/#breadcrumb","itemListElement":[{"@type":"ListItem","position":1,"name":"Home","item":"https:\/\/blackopal.ge\/tr\/"},{"@type":"ListItem","position":2,"name":"VIP Salonu"}]},{"@type":"WebSite","@id":"https:\/\/blackopal.ge\/tr\/#website","url":"https:\/\/blackopal.ge\/tr\/","name":"Black Opal Casino","description":"New Luxury Casino in Tbilisi","potentialAction":[{"@type":"SearchAction","target":{"@type":"EntryPoint","urlTemplate":"https:\/\/blackopal.ge\/tr\/?s={search_term_string}"},"query-input":{"@type":"PropertyValueSpecification","valueRequired":true,"valueName":"search_term_string"}}],"inLanguage":"tr-TR"}]}},"amp_enabled":false,"_links":{"self":[{"href":"https:\/\/blackopal.ge\/tr\/wp-json\/wp\/v2\/pages\/1062","targetHints":{"allow":["GET"]}}],"collection":[{"href":"https:\/\/blackopal.ge\/tr\/wp-json\/wp\/v2\/pages"}],"about":[{"href":"https:\/\/blackopal.ge\/tr\/wp-json\/wp\/v2\/types\/page"}],"author":[{"embeddable":true,"href":"https:\/\/blackopal.ge\/tr\/wp-json\/wp\/v2\/users\/1"}],"replies":[{"embeddable":true,"href":"https:\/\/blackopal.ge\/tr\/wp-json\/wp\/v2\/comments?post=1062"}],"version-history":[{"count":1,"href":"https:\/\/blackopal.ge\/tr\/wp-json\/wp\/v2\/pages\/1062\/revisions"}],"predecessor-version":[{"id":1105,"href":"https:\/\/blackopal.ge\/tr\/wp-json\/wp\/v2\/pages\/1062\/revisions\/1105"}],"wp:attachment":[{"href":"https:\/\/blackopal.ge\/tr\/wp-json\/wp\/v2\/media?parent=1062"}],"curies":[{"name":"wp","href":"https:\/\/api.w.org\/{rel}","templated":true}]}}