{"id":1066,"date":"2023-12-04T16:34:13","date_gmt":"2023-12-04T16:34:13","guid":{"rendered":"https:\/\/blackopal.ge\/bar\/"},"modified":"2024-04-18T13:32:42","modified_gmt":"2024-04-18T13:32:42","slug":"bar","status":"publish","type":"page","link":"https:\/\/blackopal.ge\/tr\/bar\/","title":{"rendered":"Bar"},"content":{"rendered":"<p>Tiflis&#8217;in canl\u0131 kalbinde, sofistikeli\u011fin rahatlamayla bulu\u015ftu\u011fu Black Opal Casino Bar&#8217;\u0131n benzersiz ortam\u0131na kendinizi kapt\u0131r\u0131n. Hem ana hem de ikinci katlarda bulunan iki cazip bar se\u00e7ene\u011fiyle, bar deneyimimiz s\u0131radanlar\u0131n \u00f6tesine ge\u00e7erek \u00e7ok \u00e7e\u015fitli tan\u0131nm\u0131\u015f klasikler ve kendine \u00f6zg\u00fc \u00f6zel i\u00e7ecekler sunuyor.<\/p>\n<p>Yetenekli miksologlar\u0131m\u0131z, her yudumun bir keyif yolculu\u011fu olmas\u0131n\u0131 sa\u011flayarak ola\u011fan\u00fcst\u00fc tatlar ve \u00f6ng\u00f6r\u00fclemeyen aromalar \u00fcretmeye kendilerini adam\u0131\u015ft\u0131r. \u0130ster geleneksel klasiklerin hayran\u0131 olun ister benzersiz kar\u0131\u015f\u0131mlar\u0131 ke\u015ffetmeye istekli olun, Black Opal Bar, zarif ve \u00e7e\u015fitli bir i\u00e7ki deneyimi arayanlar i\u00e7in bir cennettir.<\/p>\n<p>Black Opal&#8217; de, \u00f6zenle se\u00e7ilmi\u015f birinci s\u0131n\u0131f sert lik\u00f6r se\u00e7eneklerinin yan\u0131 s\u0131ra \u00e7e\u015fitli alkols\u00fcz i\u00e7eceklerden olu\u015fan sonsuz bir tedarik sunarak beklentilerin \u00f6tesine ge\u00e7iyoruz. Geni\u015f bir se\u00e7enek yelpazesi sunma taahh\u00fcd\u00fcm\u00fcz, her konu\u011fumuzun oyun ve sosyal deneyimlerini tamamlayacak m\u00fckemmel \u00f6zg\u00fcrl\u00fc\u011f\u00fc bulmas\u0131n\u0131 sa\u011flar.<\/p>\n<p>Black Opal Bar&#8217;a ad\u0131m at\u0131n ve mixology sanat\u0131n\u0131n kumarhane ziyaretinizi y\u00fckseltmesine izin verin. \u015e\u0131k ve modern tasar\u0131mdan ola\u011fan\u00fcst\u00fc i\u00e7ecek \u00e7e\u015fitlerine kadar bar\u0131m\u0131z, her i\u00e7ece\u011fin bir hikaye anlatt\u0131\u011f\u0131 ve kumarhane maceran\u0131za incelik katt\u0131\u011f\u0131 bir destinasyondur.<\/p>\n","protected":false},"excerpt":{"rendered":"<p>Tiflis&#8217;in canl\u0131 kalbinde, sofistikeli\u011fin rahatlamayla bulu\u015ftu\u011fu Black Opal Casino Bar&#8217;\u0131n benzersiz ortam\u0131na kendinizi kapt\u0131r\u0131n. Hem ana hem de ikinci katlarda bulunan iki cazip bar se\u00e7ene\u011fiyle, bar deneyimimiz s\u0131radanlar\u0131n \u00f6tesine ge\u00e7erek \u00e7ok \u00e7e\u015fitli tan\u0131nm\u0131\u015f klasikler ve kendine \u00f6zg\u00fc \u00f6zel i\u00e7ecekler sunuyor. Yetenekli miksologlar\u0131m\u0131z, her yudumun bir keyif yolculu\u011fu olmas\u0131n\u0131 sa\u011flayarak ola\u011fan\u00fcst\u00fc tatlar ve \u00f6ng\u00f6r\u00fclemeyen aromalar \u00fcretmeye [&hellip;]<\/p>\n","protected":false},"author":1,"featured_media":0,"parent":0,"menu_order":0,"comment_status":"closed","ping_status":"closed","template":"template-bar.php","meta":{"_acf_changed":false,"footnotes":""},"class_list":["post-1066","page","type-page","status-publish","hentry"],"acf":[],"yoast_head":"<!-- This site is optimized with the Yoast SEO plugin v26.3 - https:\/\/yoast.com\/wordpress\/plugins\/seo\/ -->\n<title>Bar - Black Opal<\/title>\n<meta name=\"robots\" content=\"index, follow, max-snippet:-1, max-image-preview:large, max-video-preview:-1\" \/>\n<link rel=\"canonical\" href=\"https:\/\/blackopal.ge\/tr\/bar\/\" \/>\n<meta property=\"og:locale\" content=\"tr_TR\" \/>\n<meta property=\"og:type\" content=\"article\" \/>\n<meta property=\"og:title\" content=\"Bar - Black Opal\" \/>\n<meta property=\"og:description\" content=\"Tiflis&#8217;in canl\u0131 kalbinde, sofistikeli\u011fin rahatlamayla bulu\u015ftu\u011fu Black Opal Casino Bar&#8217;\u0131n benzersiz ortam\u0131na kendinizi kapt\u0131r\u0131n. Hem ana hem de ikinci katlarda bulunan iki cazip bar se\u00e7ene\u011fiyle, bar deneyimimiz s\u0131radanlar\u0131n \u00f6tesine ge\u00e7erek \u00e7ok \u00e7e\u015fitli tan\u0131nm\u0131\u015f klasikler ve kendine \u00f6zg\u00fc \u00f6zel i\u00e7ecekler sunuyor. Yetenekli miksologlar\u0131m\u0131z, her yudumun bir keyif yolculu\u011fu olmas\u0131n\u0131 sa\u011flayarak ola\u011fan\u00fcst\u00fc tatlar ve \u00f6ng\u00f6r\u00fclemeyen aromalar \u00fcretmeye [&hellip;]\" \/>\n<meta property=\"og:url\" content=\"https:\/\/blackopal.ge\/tr\/bar\/\" \/>\n<meta property=\"og:site_name\" content=\"Black Opal\" \/>\n<meta property=\"article:publisher\" content=\"https:\/\/www.facebook.com\/CasinoBlackOpal\/\" \/>\n<meta property=\"article:modified_time\" content=\"2024-04-18T13:32:42+00:00\" \/>\n<meta name=\"twitter:card\" content=\"summary_large_image\" \/>\n<meta name=\"twitter:label1\" content=\"Est. reading time\" \/>\n\t<meta name=\"twitter:data1\" content=\"1 minute\" \/>\n<script type=\"application\/ld+json\" class=\"yoast-schema-graph\">{\"@context\":\"https:\/\/schema.org\",\"@graph\":[{\"@type\":\"WebPage\",\"@id\":\"https:\/\/blackopal.ge\/tr\/bar\/\",\"url\":\"https:\/\/blackopal.ge\/tr\/bar\/\",\"name\":\"Bar - Black Opal\",\"isPartOf\":{\"@id\":\"https:\/\/blackopal.ge\/tr\/#website\"},\"datePublished\":\"2023-12-04T16:34:13+00:00\",\"dateModified\":\"2024-04-18T13:32:42+00:00\",\"breadcrumb\":{\"@id\":\"https:\/\/blackopal.ge\/tr\/bar\/#breadcrumb\"},\"inLanguage\":\"tr-TR\",\"potentialAction\":[{\"@type\":\"ReadAction\",\"target\":[\"https:\/\/blackopal.ge\/tr\/bar\/\"]}]},{\"@type\":\"BreadcrumbList\",\"@id\":\"https:\/\/blackopal.ge\/tr\/bar\/#breadcrumb\",\"itemListElement\":[{\"@type\":\"ListItem\",\"position\":1,\"name\":\"Home\",\"item\":\"https:\/\/blackopal.ge\/tr\/\"},{\"@type\":\"ListItem\",\"position\":2,\"name\":\"Bar\"}]},{\"@type\":\"WebSite\",\"@id\":\"https:\/\/blackopal.ge\/tr\/#website\",\"url\":\"https:\/\/blackopal.ge\/tr\/\",\"name\":\"Black Opal Casino\",\"description\":\"New Luxury Casino in Tbilisi\",\"potentialAction\":[{\"@type\":\"SearchAction\",\"target\":{\"@type\":\"EntryPoint\",\"urlTemplate\":\"https:\/\/blackopal.ge\/tr\/?s={search_term_string}\"},\"query-input\":{\"@type\":\"PropertyValueSpecification\",\"valueRequired\":true,\"valueName\":\"search_term_string\"}}],\"inLanguage\":\"tr-TR\"}]}<\/script>\n<!-- \/ Yoast SEO plugin. -->","yoast_head_json":{"title":"Bar - Black Opal","robots":{"index":"index","follow":"follow","max-snippet":"max-snippet:-1","max-image-preview":"max-image-preview:large","max-video-preview":"max-video-preview:-1"},"canonical":"https:\/\/blackopal.ge\/tr\/bar\/","og_locale":"tr_TR","og_type":"article","og_title":"Bar - Black Opal","og_description":"Tiflis&#8217;in canl\u0131 kalbinde, sofistikeli\u011fin rahatlamayla bulu\u015ftu\u011fu Black Opal Casino Bar&#8217;\u0131n benzersiz ortam\u0131na kendinizi kapt\u0131r\u0131n. Hem ana hem de ikinci katlarda bulunan iki cazip bar se\u00e7ene\u011fiyle, bar deneyimimiz s\u0131radanlar\u0131n \u00f6tesine ge\u00e7erek \u00e7ok \u00e7e\u015fitli tan\u0131nm\u0131\u015f klasikler ve kendine \u00f6zg\u00fc \u00f6zel i\u00e7ecekler sunuyor. Yetenekli miksologlar\u0131m\u0131z, her yudumun bir keyif yolculu\u011fu olmas\u0131n\u0131 sa\u011flayarak ola\u011fan\u00fcst\u00fc tatlar ve \u00f6ng\u00f6r\u00fclemeyen aromalar \u00fcretmeye [&hellip;]","og_url":"https:\/\/blackopal.ge\/tr\/bar\/","og_site_name":"Black Opal","article_publisher":"https:\/\/www.facebook.com\/CasinoBlackOpal\/","article_modified_time":"2024-04-18T13:32:42+00:00","twitter_card":"summary_large_image","twitter_misc":{"Est. reading time":"1 minute"},"schema":{"@context":"https:\/\/schema.org","@graph":[{"@type":"WebPage","@id":"https:\/\/blackopal.ge\/tr\/bar\/","url":"https:\/\/blackopal.ge\/tr\/bar\/","name":"Bar - Black Opal","isPartOf":{"@id":"https:\/\/blackopal.ge\/tr\/#website"},"datePublished":"2023-12-04T16:34:13+00:00","dateModified":"2024-04-18T13:32:42+00:00","breadcrumb":{"@id":"https:\/\/blackopal.ge\/tr\/bar\/#breadcrumb"},"inLanguage":"tr-TR","potentialAction":[{"@type":"ReadAction","target":["https:\/\/blackopal.ge\/tr\/bar\/"]}]},{"@type":"BreadcrumbList","@id":"https:\/\/blackopal.ge\/tr\/bar\/#breadcrumb","itemListElement":[{"@type":"ListItem","position":1,"name":"Home","item":"https:\/\/blackopal.ge\/tr\/"},{"@type":"ListItem","position":2,"name":"Bar"}]},{"@type":"WebSite","@id":"https:\/\/blackopal.ge\/tr\/#website","url":"https:\/\/blackopal.ge\/tr\/","name":"Black Opal Casino","description":"New Luxury Casino in Tbilisi","potentialAction":[{"@type":"SearchAction","target":{"@type":"EntryPoint","urlTemplate":"https:\/\/blackopal.ge\/tr\/?s={search_term_string}"},"query-input":{"@type":"PropertyValueSpecification","valueRequired":true,"valueName":"search_term_string"}}],"inLanguage":"tr-TR"}]}},"amp_enabled":false,"_links":{"self":[{"href":"https:\/\/blackopal.ge\/tr\/wp-json\/wp\/v2\/pages\/1066","targetHints":{"allow":["GET"]}}],"collection":[{"href":"https:\/\/blackopal.ge\/tr\/wp-json\/wp\/v2\/pages"}],"about":[{"href":"https:\/\/blackopal.ge\/tr\/wp-json\/wp\/v2\/types\/page"}],"author":[{"embeddable":true,"href":"https:\/\/blackopal.ge\/tr\/wp-json\/wp\/v2\/users\/1"}],"replies":[{"embeddable":true,"href":"https:\/\/blackopal.ge\/tr\/wp-json\/wp\/v2\/comments?post=1066"}],"version-history":[{"count":2,"href":"https:\/\/blackopal.ge\/tr\/wp-json\/wp\/v2\/pages\/1066\/revisions"}],"predecessor-version":[{"id":1109,"href":"https:\/\/blackopal.ge\/tr\/wp-json\/wp\/v2\/pages\/1066\/revisions\/1109"}],"wp:attachment":[{"href":"https:\/\/blackopal.ge\/tr\/wp-json\/wp\/v2\/media?parent=1066"}],"curies":[{"name":"wp","href":"https:\/\/api.w.org\/{rel}","templated":true}]}}