{"id":1070,"date":"2023-12-04T16:34:06","date_gmt":"2023-12-04T16:34:06","guid":{"rendered":"https:\/\/blackopal.ge\/restaurant\/"},"modified":"2024-04-18T13:26:55","modified_gmt":"2024-04-18T13:26:55","slug":"restaurant","status":"publish","type":"page","link":"https:\/\/blackopal.ge\/tr\/restaurant\/","title":{"rendered":"Restoran"},"content":{"rendered":"<p>\u0130kinci katta yer alan bir gastronomi cenneti olan Black Opal&#8217;in l\u00fcks restoran\u0131nda e\u015fi benzeri olmayan bir mutfak yolculu\u011funun tad\u0131n\u0131 \u00e7\u0131kar\u0131n. Tiflis&#8217;in \u00f6nde gelen casinosu olarak tan\u0131nan, m\u00fckemmellik taahh\u00fcd\u00fcm\u00fcz\u00fc oyundan yemek yemeye kadar kusursuz bir \u015fekilde geni\u015fletiyor ve genel deneyiminizi y\u00fckselten ola\u011fan\u00fcst\u00fc lezzetler sunuyoruz.<\/p>\n<p>Titizlikle haz\u0131rlanm\u0131\u015f men\u00fcm\u00fcz, benzersiz G\u00fcrc\u00fc yemekleri ile \u0130talya, Fransa, Japonya, Tayland ve \u00f6tesindeki d\u00fcnya mutfaklar\u0131ndan favorilerin cezbedici bir kar\u0131\u015f\u0131m\u0131n\u0131 sergileyen, ulusal ve uluslararas\u0131 mutfaklar\u0131n bir birle\u015fimidir. Black Opal&#8217; de \u00e7e\u015fitlilik \u00f6n plandad\u0131r ve men\u00fcm\u00fcz, helal, ko\u015fer ve ki\u015fiye \u00f6zel se\u00e7enekler sunarak say\u0131s\u0131z beslenme ihtiyac\u0131n\u0131 kar\u015f\u0131layacak \u015fekilde haz\u0131rlanm\u0131\u015ft\u0131r.<\/p>\n<p>Black Opal casino Tiflis deneyimini tan\u0131mlayan kusursuz hizmet ve rahatlat\u0131c\u0131 olanaklarla tamamlanan, her yeme\u011fin bir ba\u015fyap\u0131t oldu\u011fu gastronomik bir maceran\u0131n tad\u0131n\u0131 \u00e7\u0131kar\u0131n. Restoran, 7\/24 sunulan \u00e7e\u015fitli at\u0131\u015ft\u0131rmal\u0131k b\u00fcfesi ile s\u0131radanl\u0131\u011f\u0131n \u00f6tesine ge\u00e7erek, gece g\u00fcnd\u00fcz mutfak yolculu\u011funuzun s\u0131n\u0131r tan\u0131mamas\u0131n\u0131 sa\u011flar.<\/p>\n<p>\u0130ster g\u00fcndelik bir toplant\u0131 planl\u0131yor olun ister \u00f6zel bir g\u00fcn\u00fc kutlamak istiyor olun, Black Opal&#8217; deki restoran\u0131m\u0131z benzersiz lezzetlerle dolu bir geceye zemin haz\u0131rl\u0131yor. Oyun heyecan\u0131n\u0131n \u00f6tesinde sizi, enfes yemeklerin ve ola\u011fan\u00fcst\u00fc hizmetin birle\u015fti\u011fi bir ortamda kal\u0131c\u0131 an\u0131lar yaratarak hayat\u0131n daha g\u00fczel zevklerinin tad\u0131n\u0131 \u00e7\u0131karmaya davet ediyoruz. Zevk aray\u0131\u015f\u0131n\u0131n oyun masalar\u0131ndan ola\u011fan\u00fcst\u00fc restoran\u0131m\u0131z\u0131n kalbine kadar uzand\u0131\u011f\u0131 Black Opal&#8217;de Tiflis kumarhanelerine ziyaretiniz b\u00fct\u00fcnsel bir deneyime d\u00f6n\u00fc\u015f\u00fcyor.<\/p>\n","protected":false},"excerpt":{"rendered":"<p>\u0130kinci katta yer alan bir gastronomi cenneti olan Black Opal&#8217;in l\u00fcks restoran\u0131nda e\u015fi benzeri olmayan bir mutfak yolculu\u011funun tad\u0131n\u0131 \u00e7\u0131kar\u0131n. Tiflis&#8217;in \u00f6nde gelen casinosu olarak tan\u0131nan, m\u00fckemmellik taahh\u00fcd\u00fcm\u00fcz\u00fc oyundan yemek yemeye kadar kusursuz bir \u015fekilde geni\u015fletiyor ve genel deneyiminizi y\u00fckselten ola\u011fan\u00fcst\u00fc lezzetler sunuyoruz. Titizlikle haz\u0131rlanm\u0131\u015f men\u00fcm\u00fcz, benzersiz G\u00fcrc\u00fc yemekleri ile \u0130talya, Fransa, Japonya, Tayland ve [&hellip;]<\/p>\n","protected":false},"author":1,"featured_media":0,"parent":0,"menu_order":0,"comment_status":"closed","ping_status":"closed","template":"template-restaurant.php","meta":{"_acf_changed":false,"footnotes":""},"class_list":["post-1070","page","type-page","status-publish","hentry"],"acf":[],"yoast_head":"<!-- This site is optimized with the Yoast SEO plugin v26.3 - https:\/\/yoast.com\/wordpress\/plugins\/seo\/ -->\n<title>Restaurant at Black Opal Casino<\/title>\n<meta name=\"robots\" content=\"index, follow, max-snippet:-1, max-image-preview:large, max-video-preview:-1\" \/>\n<link rel=\"canonical\" href=\"https:\/\/blackopal.ge\/tr\/restaurant\/\" \/>\n<meta property=\"og:locale\" content=\"tr_TR\" \/>\n<meta property=\"og:type\" content=\"article\" \/>\n<meta property=\"og:title\" content=\"Restaurant at Black Opal Casino\" \/>\n<meta property=\"og:description\" content=\"\u0130kinci katta yer alan bir gastronomi cenneti olan Black Opal&#8217;in l\u00fcks restoran\u0131nda e\u015fi benzeri olmayan bir mutfak yolculu\u011funun tad\u0131n\u0131 \u00e7\u0131kar\u0131n. Tiflis&#8217;in \u00f6nde gelen casinosu olarak tan\u0131nan, m\u00fckemmellik taahh\u00fcd\u00fcm\u00fcz\u00fc oyundan yemek yemeye kadar kusursuz bir \u015fekilde geni\u015fletiyor ve genel deneyiminizi y\u00fckselten ola\u011fan\u00fcst\u00fc lezzetler sunuyoruz. Titizlikle haz\u0131rlanm\u0131\u015f men\u00fcm\u00fcz, benzersiz G\u00fcrc\u00fc yemekleri ile \u0130talya, Fransa, Japonya, Tayland ve [&hellip;]\" \/>\n<meta property=\"og:url\" content=\"https:\/\/blackopal.ge\/tr\/restaurant\/\" \/>\n<meta property=\"og:site_name\" content=\"Black Opal\" \/>\n<meta property=\"article:publisher\" content=\"https:\/\/www.facebook.com\/CasinoBlackOpal\/\" \/>\n<meta property=\"article:modified_time\" content=\"2024-04-18T13:26:55+00:00\" \/>\n<meta name=\"twitter:card\" content=\"summary_large_image\" \/>\n<meta name=\"twitter:label1\" content=\"Est. reading time\" \/>\n\t<meta name=\"twitter:data1\" content=\"1 minute\" \/>\n<script type=\"application\/ld+json\" class=\"yoast-schema-graph\">{\"@context\":\"https:\/\/schema.org\",\"@graph\":[{\"@type\":\"WebPage\",\"@id\":\"https:\/\/blackopal.ge\/tr\/restaurant\/\",\"url\":\"https:\/\/blackopal.ge\/tr\/restaurant\/\",\"name\":\"Restaurant at Black Opal Casino\",\"isPartOf\":{\"@id\":\"https:\/\/blackopal.ge\/tr\/#website\"},\"datePublished\":\"2023-12-04T16:34:06+00:00\",\"dateModified\":\"2024-04-18T13:26:55+00:00\",\"breadcrumb\":{\"@id\":\"https:\/\/blackopal.ge\/tr\/restaurant\/#breadcrumb\"},\"inLanguage\":\"tr-TR\",\"potentialAction\":[{\"@type\":\"ReadAction\",\"target\":[\"https:\/\/blackopal.ge\/tr\/restaurant\/\"]}]},{\"@type\":\"BreadcrumbList\",\"@id\":\"https:\/\/blackopal.ge\/tr\/restaurant\/#breadcrumb\",\"itemListElement\":[{\"@type\":\"ListItem\",\"position\":1,\"name\":\"Home\",\"item\":\"https:\/\/blackopal.ge\/tr\/\"},{\"@type\":\"ListItem\",\"position\":2,\"name\":\"Restoran\"}]},{\"@type\":\"WebSite\",\"@id\":\"https:\/\/blackopal.ge\/tr\/#website\",\"url\":\"https:\/\/blackopal.ge\/tr\/\",\"name\":\"Black Opal Casino\",\"description\":\"New Luxury Casino in Tbilisi\",\"potentialAction\":[{\"@type\":\"SearchAction\",\"target\":{\"@type\":\"EntryPoint\",\"urlTemplate\":\"https:\/\/blackopal.ge\/tr\/?s={search_term_string}\"},\"query-input\":{\"@type\":\"PropertyValueSpecification\",\"valueRequired\":true,\"valueName\":\"search_term_string\"}}],\"inLanguage\":\"tr-TR\"}]}<\/script>\n<!-- \/ Yoast SEO plugin. -->","yoast_head_json":{"title":"Restaurant at Black Opal Casino","robots":{"index":"index","follow":"follow","max-snippet":"max-snippet:-1","max-image-preview":"max-image-preview:large","max-video-preview":"max-video-preview:-1"},"canonical":"https:\/\/blackopal.ge\/tr\/restaurant\/","og_locale":"tr_TR","og_type":"article","og_title":"Restaurant at Black Opal Casino","og_description":"\u0130kinci katta yer alan bir gastronomi cenneti olan Black Opal&#8217;in l\u00fcks restoran\u0131nda e\u015fi benzeri olmayan bir mutfak yolculu\u011funun tad\u0131n\u0131 \u00e7\u0131kar\u0131n. Tiflis&#8217;in \u00f6nde gelen casinosu olarak tan\u0131nan, m\u00fckemmellik taahh\u00fcd\u00fcm\u00fcz\u00fc oyundan yemek yemeye kadar kusursuz bir \u015fekilde geni\u015fletiyor ve genel deneyiminizi y\u00fckselten ola\u011fan\u00fcst\u00fc lezzetler sunuyoruz. Titizlikle haz\u0131rlanm\u0131\u015f men\u00fcm\u00fcz, benzersiz G\u00fcrc\u00fc yemekleri ile \u0130talya, Fransa, Japonya, Tayland ve [&hellip;]","og_url":"https:\/\/blackopal.ge\/tr\/restaurant\/","og_site_name":"Black Opal","article_publisher":"https:\/\/www.facebook.com\/CasinoBlackOpal\/","article_modified_time":"2024-04-18T13:26:55+00:00","twitter_card":"summary_large_image","twitter_misc":{"Est. reading time":"1 minute"},"schema":{"@context":"https:\/\/schema.org","@graph":[{"@type":"WebPage","@id":"https:\/\/blackopal.ge\/tr\/restaurant\/","url":"https:\/\/blackopal.ge\/tr\/restaurant\/","name":"Restaurant at Black Opal Casino","isPartOf":{"@id":"https:\/\/blackopal.ge\/tr\/#website"},"datePublished":"2023-12-04T16:34:06+00:00","dateModified":"2024-04-18T13:26:55+00:00","breadcrumb":{"@id":"https:\/\/blackopal.ge\/tr\/restaurant\/#breadcrumb"},"inLanguage":"tr-TR","potentialAction":[{"@type":"ReadAction","target":["https:\/\/blackopal.ge\/tr\/restaurant\/"]}]},{"@type":"BreadcrumbList","@id":"https:\/\/blackopal.ge\/tr\/restaurant\/#breadcrumb","itemListElement":[{"@type":"ListItem","position":1,"name":"Home","item":"https:\/\/blackopal.ge\/tr\/"},{"@type":"ListItem","position":2,"name":"Restoran"}]},{"@type":"WebSite","@id":"https:\/\/blackopal.ge\/tr\/#website","url":"https:\/\/blackopal.ge\/tr\/","name":"Black Opal Casino","description":"New Luxury Casino in Tbilisi","potentialAction":[{"@type":"SearchAction","target":{"@type":"EntryPoint","urlTemplate":"https:\/\/blackopal.ge\/tr\/?s={search_term_string}"},"query-input":{"@type":"PropertyValueSpecification","valueRequired":true,"valueName":"search_term_string"}}],"inLanguage":"tr-TR"}]}},"amp_enabled":false,"_links":{"self":[{"href":"https:\/\/blackopal.ge\/tr\/wp-json\/wp\/v2\/pages\/1070","targetHints":{"allow":["GET"]}}],"collection":[{"href":"https:\/\/blackopal.ge\/tr\/wp-json\/wp\/v2\/pages"}],"about":[{"href":"https:\/\/blackopal.ge\/tr\/wp-json\/wp\/v2\/types\/page"}],"author":[{"embeddable":true,"href":"https:\/\/blackopal.ge\/tr\/wp-json\/wp\/v2\/users\/1"}],"replies":[{"embeddable":true,"href":"https:\/\/blackopal.ge\/tr\/wp-json\/wp\/v2\/comments?post=1070"}],"version-history":[{"count":1,"href":"https:\/\/blackopal.ge\/tr\/wp-json\/wp\/v2\/pages\/1070\/revisions"}],"predecessor-version":[{"id":1100,"href":"https:\/\/blackopal.ge\/tr\/wp-json\/wp\/v2\/pages\/1070\/revisions\/1100"}],"wp:attachment":[{"href":"https:\/\/blackopal.ge\/tr\/wp-json\/wp\/v2\/media?parent=1070"}],"curies":[{"name":"wp","href":"https:\/\/api.w.org\/{rel}","templated":true}]}}