{"id":1076,"date":"2023-12-04T16:33:45","date_gmt":"2023-12-04T16:33:45","guid":{"rendered":"https:\/\/blackopal.ge\/about\/"},"modified":"2024-04-18T13:34:00","modified_gmt":"2024-04-18T13:34:00","slug":"about","status":"publish","type":"page","link":"https:\/\/blackopal.ge\/tr\/about\/","title":{"rendered":"Hakkimizda"},"content":{"rendered":"<h2>Size ozel Eglence<\/h2>\n<p>Black Opal&#8217; de, benzersiz taleplerinizi kar\u015f\u0131lamak i\u00e7in titizlikle haz\u0131rlanm\u0131\u015f, s\u0131radanl\u0131\u011f\u0131n \u00f6tesine ge\u00e7en e\u011flence sunmaktan gurur duyuyoruz. C\u00f6mert alan\u0131m\u0131z, en iyi Tiflis kumarhane deneyimini arayanlar i\u00e7in \u00f6nde gelen bir destinasyon sa\u011flayarak beklentileri a\u015fma taahh\u00fcd\u00fcm\u00fcz\u00fcn bir kan\u0131t\u0131d\u0131r. \u0130ster masalar\u0131n heyecan\u0131n\u0131 ar\u0131yor olun, ister sadece &#8220;Yak\u0131ndaki Casino&#8221; aramas\u0131yla ke\u015ffediyor olun, Black Opal sofistike ve heyecan\u0131n \u00f6z\u00fcd\u00fcr.<\/p>\n<h2>Her Zevke Uygun Oyun \u00c7e\u015fitlili\u011fi<\/h2>\n<p>Sevdi\u011finiz t\u00fcm klasik oyunlar\u0131 ve daha fazlas\u0131n\u0131 titizlikle bir araya getirdi\u011fimiz Black Opal&#8217;da kendinizi oyun m\u00fckemmelli\u011fi d\u00fcnyas\u0131na b\u0131rak\u0131n. \u00c7e\u015fitli poker ve blackjack t\u00fcrlerinden \u00e7ok \u00e7e\u015fitli slot makinelerine ve cazip casino jackpotlar\u0131na kadar koleksiyonumuz b\u00fcy\u00fclemek ve heyecanland\u0131rmak i\u00e7in tasarland\u0131. Oyun deneyiminize yeni bir boyut kazand\u0131rmak i\u00e7in modern t\u00fcrdeki oyunlar\u0131 kusursuz bir \u015fekilde entegre ettik; yaln\u0131zca kazanma \u015fans\u0131n\u0131 de\u011fil, ayn\u0131 zamanda unutulmaz bir heyecan ve e\u011flence yolculu\u011funu da garantileyen zarif bir zarafet ortam\u0131 i\u00e7inde.<\/p>\n<h2>Birinci S\u0131n\u0131f Hizmet<\/h2>\n<p>Tiflis kumarhanelerinin tarihi cazibesini sevgiyle hat\u0131rlayanlar i\u00e7in Black Opal, bu miras\u0131 yaln\u0131zca onurland\u0131rmakla kalm\u0131yor, ayn\u0131 zamanda modern l\u00fcksle yeniden tan\u0131ml\u0131yor. M\u00fckemmel hizmet, benzersiz konfor ve birinci s\u0131n\u0131f e\u011flence sunma konusundaki kararl\u0131l\u0131\u011f\u0131m\u0131z, bizi Tiflis&#8217;teki en iyi kumarhane olarak di\u011ferlerinden ay\u0131r\u0131yor. G\u00f6steri\u015fli mekan\u0131m\u0131za ad\u0131m att\u0131\u011f\u0131n\u0131z andan itibaren her etkile\u015fim, beklentilerinizi a\u015facak \u015fekilde \u00f6zenle tasarlan\u0131yor. Black Opal, sizi her ziyaretin sadece bir oyun gezisi de\u011fil ayn\u0131 zamanda l\u00fcks e\u011flencenin zirvesine do\u011fru bir yolculuk oldu\u011fu yeni bir geli\u015fmi\u015flik \u00e7a\u011f\u0131n\u0131 deneyimlemeye davet ediyor.<\/p>\n","protected":false},"excerpt":{"rendered":"<p>Size ozel Eglence Black Opal&#8217; de, benzersiz taleplerinizi kar\u015f\u0131lamak i\u00e7in titizlikle haz\u0131rlanm\u0131\u015f, s\u0131radanl\u0131\u011f\u0131n \u00f6tesine ge\u00e7en e\u011flence sunmaktan gurur duyuyoruz. C\u00f6mert alan\u0131m\u0131z, en iyi Tiflis kumarhane deneyimini arayanlar i\u00e7in \u00f6nde gelen bir destinasyon sa\u011flayarak beklentileri a\u015fma taahh\u00fcd\u00fcm\u00fcz\u00fcn bir kan\u0131t\u0131d\u0131r. \u0130ster masalar\u0131n heyecan\u0131n\u0131 ar\u0131yor olun, ister sadece &#8220;Yak\u0131ndaki Casino&#8221; aramas\u0131yla ke\u015ffediyor olun, Black Opal sofistike ve heyecan\u0131n [&hellip;]<\/p>\n","protected":false},"author":1,"featured_media":0,"parent":0,"menu_order":0,"comment_status":"closed","ping_status":"closed","template":"template-about.php","meta":{"_acf_changed":false,"footnotes":""},"class_list":["post-1076","page","type-page","status-publish","hentry"],"acf":[],"yoast_head":"<!-- This site is optimized with the Yoast SEO plugin v26.3 - https:\/\/yoast.com\/wordpress\/plugins\/seo\/ -->\n<title>Hakkimizda - Black Opal<\/title>\n<meta name=\"robots\" content=\"index, follow, max-snippet:-1, max-image-preview:large, max-video-preview:-1\" \/>\n<link rel=\"canonical\" href=\"https:\/\/blackopal.ge\/tr\/about\/\" \/>\n<meta property=\"og:locale\" content=\"tr_TR\" \/>\n<meta property=\"og:type\" content=\"article\" \/>\n<meta property=\"og:title\" content=\"Hakkimizda - Black Opal\" \/>\n<meta property=\"og:description\" content=\"Size ozel Eglence Black Opal&#8217; de, benzersiz taleplerinizi kar\u015f\u0131lamak i\u00e7in titizlikle haz\u0131rlanm\u0131\u015f, s\u0131radanl\u0131\u011f\u0131n \u00f6tesine ge\u00e7en e\u011flence sunmaktan gurur duyuyoruz. C\u00f6mert alan\u0131m\u0131z, en iyi Tiflis kumarhane deneyimini arayanlar i\u00e7in \u00f6nde gelen bir destinasyon sa\u011flayarak beklentileri a\u015fma taahh\u00fcd\u00fcm\u00fcz\u00fcn bir kan\u0131t\u0131d\u0131r. \u0130ster masalar\u0131n heyecan\u0131n\u0131 ar\u0131yor olun, ister sadece &#8220;Yak\u0131ndaki Casino&#8221; aramas\u0131yla ke\u015ffediyor olun, Black Opal sofistike ve heyecan\u0131n [&hellip;]\" \/>\n<meta property=\"og:url\" content=\"https:\/\/blackopal.ge\/tr\/about\/\" \/>\n<meta property=\"og:site_name\" content=\"Black Opal\" \/>\n<meta property=\"article:publisher\" content=\"https:\/\/www.facebook.com\/CasinoBlackOpal\/\" \/>\n<meta property=\"article:modified_time\" content=\"2024-04-18T13:34:00+00:00\" \/>\n<meta name=\"twitter:card\" content=\"summary_large_image\" \/>\n<meta name=\"twitter:label1\" content=\"Est. reading time\" \/>\n\t<meta name=\"twitter:data1\" content=\"1 minute\" \/>\n<script type=\"application\/ld+json\" class=\"yoast-schema-graph\">{\"@context\":\"https:\/\/schema.org\",\"@graph\":[{\"@type\":\"WebPage\",\"@id\":\"https:\/\/blackopal.ge\/tr\/about\/\",\"url\":\"https:\/\/blackopal.ge\/tr\/about\/\",\"name\":\"Hakkimizda - Black Opal\",\"isPartOf\":{\"@id\":\"https:\/\/blackopal.ge\/tr\/#website\"},\"datePublished\":\"2023-12-04T16:33:45+00:00\",\"dateModified\":\"2024-04-18T13:34:00+00:00\",\"breadcrumb\":{\"@id\":\"https:\/\/blackopal.ge\/tr\/about\/#breadcrumb\"},\"inLanguage\":\"tr-TR\",\"potentialAction\":[{\"@type\":\"ReadAction\",\"target\":[\"https:\/\/blackopal.ge\/tr\/about\/\"]}]},{\"@type\":\"BreadcrumbList\",\"@id\":\"https:\/\/blackopal.ge\/tr\/about\/#breadcrumb\",\"itemListElement\":[{\"@type\":\"ListItem\",\"position\":1,\"name\":\"Home\",\"item\":\"https:\/\/blackopal.ge\/tr\/\"},{\"@type\":\"ListItem\",\"position\":2,\"name\":\"Hakkimizda\"}]},{\"@type\":\"WebSite\",\"@id\":\"https:\/\/blackopal.ge\/tr\/#website\",\"url\":\"https:\/\/blackopal.ge\/tr\/\",\"name\":\"Black Opal Casino\",\"description\":\"New Luxury Casino in Tbilisi\",\"potentialAction\":[{\"@type\":\"SearchAction\",\"target\":{\"@type\":\"EntryPoint\",\"urlTemplate\":\"https:\/\/blackopal.ge\/tr\/?s={search_term_string}\"},\"query-input\":{\"@type\":\"PropertyValueSpecification\",\"valueRequired\":true,\"valueName\":\"search_term_string\"}}],\"inLanguage\":\"tr-TR\"}]}<\/script>\n<!-- \/ Yoast SEO plugin. -->","yoast_head_json":{"title":"Hakkimizda - Black Opal","robots":{"index":"index","follow":"follow","max-snippet":"max-snippet:-1","max-image-preview":"max-image-preview:large","max-video-preview":"max-video-preview:-1"},"canonical":"https:\/\/blackopal.ge\/tr\/about\/","og_locale":"tr_TR","og_type":"article","og_title":"Hakkimizda - Black Opal","og_description":"Size ozel Eglence Black Opal&#8217; de, benzersiz taleplerinizi kar\u015f\u0131lamak i\u00e7in titizlikle haz\u0131rlanm\u0131\u015f, s\u0131radanl\u0131\u011f\u0131n \u00f6tesine ge\u00e7en e\u011flence sunmaktan gurur duyuyoruz. C\u00f6mert alan\u0131m\u0131z, en iyi Tiflis kumarhane deneyimini arayanlar i\u00e7in \u00f6nde gelen bir destinasyon sa\u011flayarak beklentileri a\u015fma taahh\u00fcd\u00fcm\u00fcz\u00fcn bir kan\u0131t\u0131d\u0131r. \u0130ster masalar\u0131n heyecan\u0131n\u0131 ar\u0131yor olun, ister sadece &#8220;Yak\u0131ndaki Casino&#8221; aramas\u0131yla ke\u015ffediyor olun, Black Opal sofistike ve heyecan\u0131n [&hellip;]","og_url":"https:\/\/blackopal.ge\/tr\/about\/","og_site_name":"Black Opal","article_publisher":"https:\/\/www.facebook.com\/CasinoBlackOpal\/","article_modified_time":"2024-04-18T13:34:00+00:00","twitter_card":"summary_large_image","twitter_misc":{"Est. reading time":"1 minute"},"schema":{"@context":"https:\/\/schema.org","@graph":[{"@type":"WebPage","@id":"https:\/\/blackopal.ge\/tr\/about\/","url":"https:\/\/blackopal.ge\/tr\/about\/","name":"Hakkimizda - Black Opal","isPartOf":{"@id":"https:\/\/blackopal.ge\/tr\/#website"},"datePublished":"2023-12-04T16:33:45+00:00","dateModified":"2024-04-18T13:34:00+00:00","breadcrumb":{"@id":"https:\/\/blackopal.ge\/tr\/about\/#breadcrumb"},"inLanguage":"tr-TR","potentialAction":[{"@type":"ReadAction","target":["https:\/\/blackopal.ge\/tr\/about\/"]}]},{"@type":"BreadcrumbList","@id":"https:\/\/blackopal.ge\/tr\/about\/#breadcrumb","itemListElement":[{"@type":"ListItem","position":1,"name":"Home","item":"https:\/\/blackopal.ge\/tr\/"},{"@type":"ListItem","position":2,"name":"Hakkimizda"}]},{"@type":"WebSite","@id":"https:\/\/blackopal.ge\/tr\/#website","url":"https:\/\/blackopal.ge\/tr\/","name":"Black Opal Casino","description":"New Luxury Casino in Tbilisi","potentialAction":[{"@type":"SearchAction","target":{"@type":"EntryPoint","urlTemplate":"https:\/\/blackopal.ge\/tr\/?s={search_term_string}"},"query-input":{"@type":"PropertyValueSpecification","valueRequired":true,"valueName":"search_term_string"}}],"inLanguage":"tr-TR"}]}},"amp_enabled":false,"_links":{"self":[{"href":"https:\/\/blackopal.ge\/tr\/wp-json\/wp\/v2\/pages\/1076","targetHints":{"allow":["GET"]}}],"collection":[{"href":"https:\/\/blackopal.ge\/tr\/wp-json\/wp\/v2\/pages"}],"about":[{"href":"https:\/\/blackopal.ge\/tr\/wp-json\/wp\/v2\/types\/page"}],"author":[{"embeddable":true,"href":"https:\/\/blackopal.ge\/tr\/wp-json\/wp\/v2\/users\/1"}],"replies":[{"embeddable":true,"href":"https:\/\/blackopal.ge\/tr\/wp-json\/wp\/v2\/comments?post=1076"}],"version-history":[{"count":2,"href":"https:\/\/blackopal.ge\/tr\/wp-json\/wp\/v2\/pages\/1076\/revisions"}],"predecessor-version":[{"id":1113,"href":"https:\/\/blackopal.ge\/tr\/wp-json\/wp\/v2\/pages\/1076\/revisions\/1113"}],"wp:attachment":[{"href":"https:\/\/blackopal.ge\/tr\/wp-json\/wp\/v2\/media?parent=1076"}],"curies":[{"name":"wp","href":"https:\/\/api.w.org\/{rel}","templated":true}]}}