{"id":1088,"date":"2023-01-17T10:18:41","date_gmt":"2023-01-17T10:18:41","guid":{"rendered":"https:\/\/blackopal.ge\/privacy-policy\/"},"modified":"2024-04-18T13:36:32","modified_gmt":"2024-04-18T13:36:32","slug":"privacy-policy","status":"publish","type":"page","link":"https:\/\/blackopal.ge\/tr\/privacy-policy\/","title":{"rendered":"Gizlilik Politikas\u0131"},"content":{"rendered":"<p>Kullan\u0131c\u0131ya ait ki\u015fisel verilerin ki\u015fisel veri i\u015fleme politikas\u0131na (bundan b\u00f6yle \u201cGizlilik Politikas\u0131\u201d olarak an\u0131lacakt\u0131r) dayan\u0131larak i\u015flenmesi \u015eirket taraf\u0131ndan ger\u00e7ekle\u015ftirilmektedir.<\/p>\n<p>Kullan\u0131c\u0131lar\u0131n \u015eartlar ve Ko\u015fullar &#8216;\u0131 ve\/veya Gizlilik Politikas\u0131&#8217;n\u0131 kabul etmesi, ayr\u0131ca Web Sitesini ziyaret etmesi\/kullanmas\u0131, Gizlilik Politikas\u0131&#8217;na yaz\u0131l\u0131 olarak onay verildi\u011fi anlam\u0131na gelecektir.<\/p>\n<p><b>Kurallar\u0131n tan\u0131m\u0131<\/b><\/p>\n<p>Ba\u011flam aksini gerektirmedik\u00e7e, Gizlilik Politikas\u0131nda kullan\u0131lan terimler, \u015eartlar ve Ko\u015fullar taraf\u0131ndan kendilerine atanan anlamlara sahiptir. Anlamlar\u0131n \u00e7ak\u0131\u015fmas\u0131 durumunda Gizlilik Politikas\u0131nda belirtilen anlamlar ge\u00e7erli olacakt\u0131r.<\/p>\n<p><b>Ki\u015fisel veri<\/b><\/p>\n<p>\u015eirket, y\u00fcksek kaliteli Hizmet sa\u011flamak i\u00e7in Kullan\u0131c\u0131lardan a\u015fa\u011f\u0131daki verileri toplar:<\/p>\n<ol>\n<li>Kullan\u0131c\u0131 taraf\u0131ndan \u015eirkete sa\u011flanan veriler:<\/li>\n<\/ol>\n<ul>\n<li aria-level=\"1\">\u0130sim.<\/li>\n<li aria-level=\"1\">Soyad\u0131.<\/li>\n<li aria-level=\"1\">Kimlik Numaras\u0131.<\/li>\n<li aria-level=\"1\">Ya\u015f.<\/li>\n<li aria-level=\"1\">Milliyet.<\/li>\n<li aria-level=\"1\">Cep numaras\u0131.<\/li>\n<li aria-level=\"1\">E-Posta.<\/li>\n<\/ul>\n<p>2. \u015eirketin Kullan\u0131c\u0131dan ba\u011f\u0131ms\u0131z olarak ald\u0131\u011f\u0131 veriler.<\/p>\n<ul>\n<li aria-level=\"1\">Kullan\u0131c\u0131n\u0131n IP Adresi.<\/li>\n<li aria-level=\"1\">Kullan\u0131lan taray\u0131c\u0131 t\u00fcrleri ve s\u00fcr\u00fcmleri.<\/li>\n<li aria-level=\"1\">Eri\u015fim sistemi taraf\u0131ndan kullan\u0131lan i\u015fletim sistemi.<\/li>\n<li aria-level=\"1\">Eri\u015fim tarihi ve saati.<\/li>\n<li aria-level=\"1\">Web Sitemizin Kullan\u0131c\u0131n\u0131n ziyaret etti\u011fi sayfalar\u0131.<\/li>\n<li aria-level=\"1\">Y\u00f6nlendiren URL (\u00f6nceden ziyaret edilen sayfa).<\/li>\n<li aria-level=\"1\">Kullan\u0131c\u0131n\u0131n kulland\u0131\u011f\u0131 mobil cihaz\u0131n t\u00fcr\u00fc.<\/li>\n<li aria-level=\"1\">Kullan\u0131c\u0131n\u0131n mobil cihaz\u0131n\u0131n benzersiz kimli\u011fi.<\/li>\n<li aria-level=\"1\">Kullan\u0131c\u0131n\u0131n mobil cihaz\u0131n\u0131n IP adresi.<\/li>\n<li aria-level=\"1\">Kullan\u0131c\u0131n\u0131n mobil i\u015fletim sistemi.<\/li>\n<li aria-level=\"1\">Mobil internet taray\u0131c\u0131s\u0131n\u0131n t\u00fcr\u00fc.<\/li>\n<li aria-level=\"1\">Benzersiz cihaz tan\u0131mlay\u0131c\u0131lar\u0131 ve di\u011fer te\u015fhis verileri.<\/li>\n<li aria-level=\"1\">Kullan\u0131c\u0131lar\u0131n \u00e7evrimi\u00e7i etkinlikleri.<\/li>\n<li aria-level=\"1\">\u015eirket taraf\u0131ndan kamuya a\u00e7\u0131k kaynaklardan elde edilen di\u011fer veriler.<\/li>\n<\/ul>\n<p>3.\u00a0 \u015eirket, gerekli hallerde Kullan\u0131c\u0131&#8217; dan ek veriler talep etme hakk\u0131na sahiptir.<\/p>\n<p>4. \u015eirket, Hizmetin kalitesini art\u0131rmak, doland\u0131r\u0131c\u0131l\u0131k\/mali su\u00e7lar\u0131 \u00f6nlemek ve\/veya Kullan\u0131c\u0131n\u0131n teknik\/di\u011fer t\u00fcrdeki sorunlar\u0131na destek olmak amac\u0131yla, \u015fekli ne olursa olsun Kullan\u0131c\u0131 ile \u015eirket aras\u0131ndaki ileti\u015fimi i\u015fleyebilir.<\/p>\n<p><b>Veri \u0130\u015flemenin Amac\u0131<\/b><\/p>\n<ol>\n<li aria-level=\"1\">Kullan\u0131c\u0131ya ait ki\u015fisel verilerin \u015eirket ve\/veya \u015eirketin anla\u015fmal\u0131 oldu\u011fu ki\u015fi taraf\u0131ndan i\u015flenmesi \u00f6nceden belirlenen ama\u00e7larla ger\u00e7ekle\u015ftirilir.<\/li>\n<li aria-level=\"1\">Kullan\u0131c\u0131n\u0131n ki\u015fisel verileri, \u015eirket ve\/veya \u015eirketin anla\u015fmal\u0131 oldu\u011fu ki\u015fi taraf\u0131ndan, kaliteli ve insana yak\u0131\u015f\u0131r Hizmet sunulabilmesi ve Web Sitesinin sorunsuz bir \u015fekilde kullan\u0131labilmesi amac\u0131yla i\u015flenmektedir.<\/li>\n<li aria-level=\"1\">Veri i\u015flemenin genel ama\u00e7lar\u0131:<\/li>\n<\/ol>\n<ul>\n<li aria-level=\"1\">Web sitesi kullan\u0131m\u0131n\u0131 iyile\u015ftirin, iyile\u015ftirin ve basitle\u015ftirin.<\/li>\n<li aria-level=\"1\">Hizmeti Kullan\u0131c\u0131ya Sa\u011flay\u0131n.<\/li>\n<li aria-level=\"1\">Kullan\u0131c\u0131n\u0131n Hizmeti almas\u0131n\u0131 ve kullanmas\u0131n\u0131 etkinle\u015ftirin.<\/li>\n<li aria-level=\"1\">\u015e\u00fcpheli\/yasad\u0131\u015f\u0131 i\u015flem veya eylemleri tespit edin\/engelleyin ve bildirin.<\/li>\n<li aria-level=\"1\">Doland\u0131r\u0131c\u0131l\u0131k ve di\u011fer olas\u0131 su\u00e7lar\u0131 \u00f6nleyin.<\/li>\n<li aria-level=\"1\">\u0130statistikleri maksimum do\u011frulukla derleyin ve b\u00f6ylece Hizmeti iyile\u015ftirin.<\/li>\n<li aria-level=\"1\">\u015eirketin yasal y\u00fck\u00fcml\u00fcl\u00fcklerini yerine getirmek.<\/li>\n<li aria-level=\"1\">Kullan\u0131c\u0131lar\u0131n sorular\u0131na ve isteklerine yan\u0131t verin.<\/li>\n<li aria-level=\"1\">Kullan\u0131c\u0131ya ilgili ve ki\u015fiselle\u015ftirilmi\u015f bilgiler sa\u011flay\u0131n.<\/li>\n<li aria-level=\"1\">Haks\u0131z oyun uygulamalar\u0131n\u0131 m\u00fcmk\u00fcn oldu\u011funca \u00f6nlemek.<\/li>\n<\/ul>\n<p>4. Veri i\u015flemenin \u00f6zel ama\u00e7lar\u0131:<\/p>\n<ul>\n<li aria-level=\"1\">Ad\u0131, Soyad\u0131, TC Kimlik Numaras\u0131, Ya\u015f\u0131, Uyru\u011fu.\n<ul>\n<li aria-level=\"2\">\u015eirketin yasal g\u00f6revlerini yerine getirebilmesi i\u00e7in veri i\u015flemenin gerekli olmas\u0131:<\/li>\n<li aria-level=\"2\">Kullan\u0131c\u0131n\u0131n Kimli\u011fi.<\/li>\n<li aria-level=\"2\">Kullan\u0131c\u0131n\u0131n Ya\u015f\u0131n\u0131n Belirlenmesi.<\/li>\n<\/ul>\n<\/li>\n<\/ul>\n<ul>\n<li aria-level=\"1\">Cep Numaras\u0131, E-posta.\n<ul>\n<li aria-level=\"2\">Do\u011frudan pazarlama ama\u00e7lar\u0131.<\/li>\n<li aria-level=\"2\">Reklamlar, promosyonlar, indirimler, sat\u0131\u015flar vb.<\/li>\n<li aria-level=\"2\">Kullan\u0131c\u0131yla ileti\u015fime ge\u00e7in.<\/li>\n<li aria-level=\"2\">Kullan\u0131c\u0131ya g\u00fcncel bilgilerin sa\u011flanmas\u0131.<\/li>\n<\/ul>\n<\/li>\n<\/ul>\n<ul>\n<li aria-level=\"1\">Banka Kart\u0131 ve Hesap Detaylar\u0131.<\/li>\n<li aria-level=\"1\">Veri i\u015flemenin, veri sahibinin ba\u015fvurusunu ele almak (ona hizmet sa\u011flamak) i\u00e7in gerekli olmas\u0131.\n<ul>\n<li aria-level=\"2\">Kullan\u0131c\u0131ya hizmet sa\u011flay\u0131n.<\/li>\n<li aria-level=\"2\">\u00d6d\u00fcl\u00fc telafi edin.<\/li>\n<\/ul>\n<\/li>\n<\/ul>\n<p>5. Kullan\u0131c\u0131, herhangi bir zamanda \u015eirketten kendisi hakk\u0131ndaki verileri do\u011frudan pazarlama amac\u0131yla i\u015flemeyi durdurmas\u0131n\u0131 talep etme hakk\u0131na sahiptir.<\/p>\n<p>6. \u015eirketin do\u011frudan pazarlama ama\u00e7lar\u0131 do\u011frultusunda, \u015eirketin elinde bulunan veriler, bu ki\u015fisel Gizlilik Politikas\u0131nda belirtilen \u015fekilde ve ko\u015fullarla \u015eirketin y\u00fcklenicilerine aktar\u0131labilir.<\/p>\n<p>7. Kullan\u0131c\u0131, \u015eirketten ki\u015fisel verilerinin i\u015flenmesine son verilmesini talep etme hakk\u0131na sahiptir ancak bu durumda art\u0131k Hizmet alamayabilir.<\/p>\n<p><b>De\u011fi\u015fiklikler<\/b><\/p>\n<p>Gizlilik Politikas\u0131nda zaman zaman baz\u0131 de\u011fi\u015fiklikler\/eklemeler yap\u0131labilir ve bunlar otomatik olarak Web Sitesine yans\u0131t\u0131lacakt\u0131r. Kullan\u0131c\u0131, Web Sitesini kullanarak bu t\u00fcr de\u011fi\u015fiklikleri ve\/veya eklemeleri kabul etmi\u015f olur. \u00d6nemli de\u011fi\u015fiklik\/eklemeler olmas\u0131 durumunda \u015eirket, Kullan\u0131c\u0131y\u0131 bu konuda bilgilendirecektir.<\/p>\n<p><b>Veri aktar\u0131m\u0131n\u0131n reddedilmesi\/veri i\u015flemenin sonland\u0131r\u0131lmas\u0131<\/b><\/p>\n<ol>\n<li aria-level=\"1\">Kullan\u0131c\u0131, herhangi bir zamanda herhangi bir a\u00e7\u0131klama yapmaks\u0131z\u0131n, vermi\u015f oldu\u011fu r\u0131zay\u0131 geri \u00e7ekme ve veri i\u015flemenin durdurulmas\u0131n\u0131 ve\/veya i\u015flenen verilerin yok edilmesini talep etme hakk\u0131na sahiptir.<\/li>\n<li aria-level=\"1\">Sunulan Hizmetin belirli bir hizmet t\u00fcr\u00fc oldu\u011fu ve \u015eirket taraf\u0131ndan Hizmet sa\u011flanacak ki\u015filer konusunda yasal k\u0131s\u0131tlamalar\u0131n bulundu\u011fu dikkate al\u0131nd\u0131\u011f\u0131nda, Kullan\u0131c\u0131n\u0131n ki\u015fisel verileri \u015eirkete sa\u011flamay\u0131 reddetmesi ve\/veya \u015eirketten bu bilgilerin sa\u011flanmas\u0131n\u0131n durdurulmas\u0131 talebi ki\u015fisel verilerin i\u015flenmesi, s\u00f6z konusu Kullan\u0131c\u0131ya verilen hizmetin sonland\u0131r\u0131lmas\u0131na\/ask\u0131ya al\u0131nmas\u0131na ve\/veya hizmetin kalitesinde keskin bir d\u00fc\u015f\u00fc\u015fe yol a\u00e7abilir.<\/li>\n<\/ol>\n<p><b>Notlar<\/b><\/p>\n<ol>\n<li aria-level=\"1\">\u015eirket, her Kullan\u0131c\u0131 i\u00e7in veri i\u015flemenin ve koruman\u0131n \u00f6nemini anlamaktad\u0131r.<\/li>\n<li aria-level=\"1\">\u015eirket i\u00e7in \u00f6nemli olan, ki\u015fisel verilerin i\u015flenmesi de dahil olmak \u00fczere her Kullan\u0131c\u0131n\u0131n g\u00f6r\u00fc\u015f\u00fc ve tutumudur.<\/li>\n<\/ol>\n<p>\u015eirket, herhangi bir a\u00e7\u0131klama\/tavsiye olmas\u0131 durumunda, Kullan\u0131c\u0131 taraf\u0131ndan yap\u0131lan \u015fikayetin titizlikle incelenmesi y\u00f6n\u00fcndeki arzusunu ve haz\u0131rl\u0131\u011f\u0131n\u0131 ifade eder. L\u00fctfen bizimle ileti\u015fime ge\u00e7in: info@blackopal.ge<\/p>\n","protected":false},"excerpt":{"rendered":"<p>Kullan\u0131c\u0131ya ait ki\u015fisel verilerin ki\u015fisel veri i\u015fleme politikas\u0131na (bundan b\u00f6yle \u201cGizlilik Politikas\u0131\u201d olarak an\u0131lacakt\u0131r) dayan\u0131larak i\u015flenmesi \u015eirket taraf\u0131ndan ger\u00e7ekle\u015ftirilmektedir. Kullan\u0131c\u0131lar\u0131n \u015eartlar ve Ko\u015fullar &#8216;\u0131 ve\/veya Gizlilik Politikas\u0131&#8217;n\u0131 kabul etmesi, ayr\u0131ca Web Sitesini ziyaret etmesi\/kullanmas\u0131, Gizlilik Politikas\u0131&#8217;na yaz\u0131l\u0131 olarak onay verildi\u011fi anlam\u0131na gelecektir. Kurallar\u0131n tan\u0131m\u0131 Ba\u011flam aksini gerektirmedik\u00e7e, Gizlilik Politikas\u0131nda kullan\u0131lan terimler, \u015eartlar ve Ko\u015fullar taraf\u0131ndan [&hellip;]<\/p>\n","protected":false},"author":1,"featured_media":0,"parent":0,"menu_order":0,"comment_status":"closed","ping_status":"open","template":"","meta":{"_acf_changed":false,"footnotes":""},"class_list":["post-1088","page","type-page","status-publish","hentry"],"acf":[],"yoast_head":"<!-- This site is optimized with the Yoast SEO plugin v26.3 - https:\/\/yoast.com\/wordpress\/plugins\/seo\/ -->\n<title>Gizlilik Politikas\u0131 - Black Opal<\/title>\n<meta name=\"robots\" content=\"index, follow, max-snippet:-1, max-image-preview:large, max-video-preview:-1\" \/>\n<link rel=\"canonical\" href=\"https:\/\/blackopal.ge\/tr\/privacy-policy\/\" \/>\n<meta property=\"og:locale\" content=\"tr_TR\" \/>\n<meta property=\"og:type\" content=\"article\" \/>\n<meta property=\"og:title\" content=\"Gizlilik Politikas\u0131 - Black Opal\" \/>\n<meta property=\"og:description\" content=\"Kullan\u0131c\u0131ya ait ki\u015fisel verilerin ki\u015fisel veri i\u015fleme politikas\u0131na (bundan b\u00f6yle \u201cGizlilik Politikas\u0131\u201d olarak an\u0131lacakt\u0131r) dayan\u0131larak i\u015flenmesi \u015eirket taraf\u0131ndan ger\u00e7ekle\u015ftirilmektedir. Kullan\u0131c\u0131lar\u0131n \u015eartlar ve Ko\u015fullar &#8216;\u0131 ve\/veya Gizlilik Politikas\u0131&#8217;n\u0131 kabul etmesi, ayr\u0131ca Web Sitesini ziyaret etmesi\/kullanmas\u0131, Gizlilik Politikas\u0131&#8217;na yaz\u0131l\u0131 olarak onay verildi\u011fi anlam\u0131na gelecektir. Kurallar\u0131n tan\u0131m\u0131 Ba\u011flam aksini gerektirmedik\u00e7e, Gizlilik Politikas\u0131nda kullan\u0131lan terimler, \u015eartlar ve Ko\u015fullar taraf\u0131ndan [&hellip;]\" \/>\n<meta property=\"og:url\" content=\"https:\/\/blackopal.ge\/tr\/privacy-policy\/\" \/>\n<meta property=\"og:site_name\" content=\"Black Opal\" \/>\n<meta property=\"article:publisher\" content=\"https:\/\/www.facebook.com\/CasinoBlackOpal\/\" \/>\n<meta property=\"article:modified_time\" content=\"2024-04-18T13:36:32+00:00\" \/>\n<meta name=\"twitter:card\" content=\"summary_large_image\" \/>\n<meta name=\"twitter:label1\" content=\"Est. reading time\" \/>\n\t<meta name=\"twitter:data1\" content=\"3 minutes\" \/>\n<script type=\"application\/ld+json\" class=\"yoast-schema-graph\">{\"@context\":\"https:\/\/schema.org\",\"@graph\":[{\"@type\":\"WebPage\",\"@id\":\"https:\/\/blackopal.ge\/tr\/privacy-policy\/\",\"url\":\"https:\/\/blackopal.ge\/tr\/privacy-policy\/\",\"name\":\"Gizlilik Politikas\u0131 - Black Opal\",\"isPartOf\":{\"@id\":\"https:\/\/blackopal.ge\/tr\/#website\"},\"datePublished\":\"2023-01-17T10:18:41+00:00\",\"dateModified\":\"2024-04-18T13:36:32+00:00\",\"breadcrumb\":{\"@id\":\"https:\/\/blackopal.ge\/tr\/privacy-policy\/#breadcrumb\"},\"inLanguage\":\"tr-TR\",\"potentialAction\":[{\"@type\":\"ReadAction\",\"target\":[\"https:\/\/blackopal.ge\/tr\/privacy-policy\/\"]}]},{\"@type\":\"BreadcrumbList\",\"@id\":\"https:\/\/blackopal.ge\/tr\/privacy-policy\/#breadcrumb\",\"itemListElement\":[{\"@type\":\"ListItem\",\"position\":1,\"name\":\"Home\",\"item\":\"https:\/\/blackopal.ge\/tr\/\"},{\"@type\":\"ListItem\",\"position\":2,\"name\":\"Gizlilik Politikas\u0131\"}]},{\"@type\":\"WebSite\",\"@id\":\"https:\/\/blackopal.ge\/tr\/#website\",\"url\":\"https:\/\/blackopal.ge\/tr\/\",\"name\":\"Black Opal Casino\",\"description\":\"New Luxury Casino in Tbilisi\",\"potentialAction\":[{\"@type\":\"SearchAction\",\"target\":{\"@type\":\"EntryPoint\",\"urlTemplate\":\"https:\/\/blackopal.ge\/tr\/?s={search_term_string}\"},\"query-input\":{\"@type\":\"PropertyValueSpecification\",\"valueRequired\":true,\"valueName\":\"search_term_string\"}}],\"inLanguage\":\"tr-TR\"}]}<\/script>\n<!-- \/ Yoast SEO plugin. -->","yoast_head_json":{"title":"Gizlilik Politikas\u0131 - Black Opal","robots":{"index":"index","follow":"follow","max-snippet":"max-snippet:-1","max-image-preview":"max-image-preview:large","max-video-preview":"max-video-preview:-1"},"canonical":"https:\/\/blackopal.ge\/tr\/privacy-policy\/","og_locale":"tr_TR","og_type":"article","og_title":"Gizlilik Politikas\u0131 - Black Opal","og_description":"Kullan\u0131c\u0131ya ait ki\u015fisel verilerin ki\u015fisel veri i\u015fleme politikas\u0131na (bundan b\u00f6yle \u201cGizlilik Politikas\u0131\u201d olarak an\u0131lacakt\u0131r) dayan\u0131larak i\u015flenmesi \u015eirket taraf\u0131ndan ger\u00e7ekle\u015ftirilmektedir. Kullan\u0131c\u0131lar\u0131n \u015eartlar ve Ko\u015fullar &#8216;\u0131 ve\/veya Gizlilik Politikas\u0131&#8217;n\u0131 kabul etmesi, ayr\u0131ca Web Sitesini ziyaret etmesi\/kullanmas\u0131, Gizlilik Politikas\u0131&#8217;na yaz\u0131l\u0131 olarak onay verildi\u011fi anlam\u0131na gelecektir. Kurallar\u0131n tan\u0131m\u0131 Ba\u011flam aksini gerektirmedik\u00e7e, Gizlilik Politikas\u0131nda kullan\u0131lan terimler, \u015eartlar ve Ko\u015fullar taraf\u0131ndan [&hellip;]","og_url":"https:\/\/blackopal.ge\/tr\/privacy-policy\/","og_site_name":"Black Opal","article_publisher":"https:\/\/www.facebook.com\/CasinoBlackOpal\/","article_modified_time":"2024-04-18T13:36:32+00:00","twitter_card":"summary_large_image","twitter_misc":{"Est. reading time":"3 minutes"},"schema":{"@context":"https:\/\/schema.org","@graph":[{"@type":"WebPage","@id":"https:\/\/blackopal.ge\/tr\/privacy-policy\/","url":"https:\/\/blackopal.ge\/tr\/privacy-policy\/","name":"Gizlilik Politikas\u0131 - Black Opal","isPartOf":{"@id":"https:\/\/blackopal.ge\/tr\/#website"},"datePublished":"2023-01-17T10:18:41+00:00","dateModified":"2024-04-18T13:36:32+00:00","breadcrumb":{"@id":"https:\/\/blackopal.ge\/tr\/privacy-policy\/#breadcrumb"},"inLanguage":"tr-TR","potentialAction":[{"@type":"ReadAction","target":["https:\/\/blackopal.ge\/tr\/privacy-policy\/"]}]},{"@type":"BreadcrumbList","@id":"https:\/\/blackopal.ge\/tr\/privacy-policy\/#breadcrumb","itemListElement":[{"@type":"ListItem","position":1,"name":"Home","item":"https:\/\/blackopal.ge\/tr\/"},{"@type":"ListItem","position":2,"name":"Gizlilik Politikas\u0131"}]},{"@type":"WebSite","@id":"https:\/\/blackopal.ge\/tr\/#website","url":"https:\/\/blackopal.ge\/tr\/","name":"Black Opal Casino","description":"New Luxury Casino in Tbilisi","potentialAction":[{"@type":"SearchAction","target":{"@type":"EntryPoint","urlTemplate":"https:\/\/blackopal.ge\/tr\/?s={search_term_string}"},"query-input":{"@type":"PropertyValueSpecification","valueRequired":true,"valueName":"search_term_string"}}],"inLanguage":"tr-TR"}]}},"amp_enabled":true,"_links":{"self":[{"href":"https:\/\/blackopal.ge\/tr\/wp-json\/wp\/v2\/pages\/1088","targetHints":{"allow":["GET"]}}],"collection":[{"href":"https:\/\/blackopal.ge\/tr\/wp-json\/wp\/v2\/pages"}],"about":[{"href":"https:\/\/blackopal.ge\/tr\/wp-json\/wp\/v2\/types\/page"}],"author":[{"embeddable":true,"href":"https:\/\/blackopal.ge\/tr\/wp-json\/wp\/v2\/users\/1"}],"replies":[{"embeddable":true,"href":"https:\/\/blackopal.ge\/tr\/wp-json\/wp\/v2\/comments?post=1088"}],"version-history":[{"count":2,"href":"https:\/\/blackopal.ge\/tr\/wp-json\/wp\/v2\/pages\/1088\/revisions"}],"predecessor-version":[{"id":1115,"href":"https:\/\/blackopal.ge\/tr\/wp-json\/wp\/v2\/pages\/1088\/revisions\/1115"}],"wp:attachment":[{"href":"https:\/\/blackopal.ge\/tr\/wp-json\/wp\/v2\/media?parent=1088"}],"curies":[{"name":"wp","href":"https:\/\/api.w.org\/{rel}","templated":true}]}}